{"id":97,"date":"2022-06-27T08:43:11","date_gmt":"2022-06-27T08:43:11","guid":{"rendered":"https:\/\/www.boostetonimage.fr\/?page_id=97"},"modified":"2023-08-18T07:13:58","modified_gmt":"2023-08-18T07:13:58","slug":"ou-jinterviens","status":"publish","type":"page","link":"https:\/\/www.boostetonimage.fr\/index.php\/ou-jinterviens\/","title":{"rendered":"O\u00f9 intervient Booste ton image"},"content":{"rendered":"\n<p>Je peux \u00e9changer avec vous par visio sur une dur\u00e9e de 30 minutes.<\/p>\n\n\n\n<p>Je peux vous recevoir \u00e0 mon \u00e9tude &#8211; booste ton image, situ\u00e9e \u00e0 Rennes en Bretagne : <\/p>\n\n\n\n<figure class=\"wp-block-image size-large is-resized\"><img fetchpriority=\"high\" decoding=\"async\" src=\"https:\/\/www.boostetonimage.fr\/wp-content\/uploads\/2023\/08\/etude-bti-768x1024.jpg\" alt=\"\" class=\"wp-image-650\" style=\"width:576px;height:770px\" width=\"576\" height=\"770\"\/><\/figure>\n\n\n\n<p>Je me d\u00e9place dans ce p\u00e9rim\u00e8tre \u00e0 v\u00e9lo jusqu&rsquo;\u00e0 votre lieu. <\/p>\n\n\n\n<figure class=\"wp-block-image size-full\"><img decoding=\"async\" width=\"956\" height=\"645\" src=\"https:\/\/www.boostetonimage.fr\/wp-content\/uploads\/2022\/06\/Zone-Intervention_Velo_Motiv.png\" alt=\"\" class=\"wp-image-98\" srcset=\"https:\/\/www.boostetonimage.fr\/wp-content\/uploads\/2022\/06\/Zone-Intervention_Velo_Motiv.png 956w, https:\/\/www.boostetonimage.fr\/wp-content\/uploads\/2022\/06\/Zone-Intervention_Velo_Motiv-300x202.png 300w, https:\/\/www.boostetonimage.fr\/wp-content\/uploads\/2022\/06\/Zone-Intervention_Velo_Motiv-768x518.png 768w\" sizes=\"(max-width: 956px) 100vw, 956px\" \/><figcaption class=\"wp-element-caption\">Cr\u00e9dit photo : <a href=\"https:\/\/www.smappen.fr\/app\/\">Smappen<\/a><\/figcaption><\/figure>\n\n\n\n<p>Je me d\u00e9place dans ce p\u00e9rim\u00e8tre en voiture jusqu&rsquo;\u00e0 votre lieu : <\/p>\n\n\n\n<figure class=\"wp-block-image size-full\"><img decoding=\"async\" width=\"721\" height=\"747\" src=\"https:\/\/www.boostetonimage.fr\/wp-content\/uploads\/2022\/06\/Zonedintervention-Voiture_Motiv.png\" alt=\"\" class=\"wp-image-99\" srcset=\"https:\/\/www.boostetonimage.fr\/wp-content\/uploads\/2022\/06\/Zonedintervention-Voiture_Motiv.png 721w, https:\/\/www.boostetonimage.fr\/wp-content\/uploads\/2022\/06\/Zonedintervention-Voiture_Motiv-290x300.png 290w\" sizes=\"(max-width: 721px) 100vw, 721px\" \/><figcaption class=\"wp-element-caption\">Cr\u00e9dit photos : <a href=\"https:\/\/www.smappen.fr\/app\/\">Smappen<\/a><\/figcaption><\/figure>\n\n\n\n<p>Je peux aussi intervenir en France et \u00e0 l&rsquo;international mais cela implique l&rsquo;ajout des frais de transports suppl\u00e9mentaires dans le devis fix\u00e9. <\/p>\n","protected":false},"excerpt":{"rendered":"<p>Je peux \u00e9changer avec vous par visio sur une dur\u00e9e de 30 minutes. Je peux vous recevoir \u00e0 mon \u00e9tude &#8211; booste ton image, situ\u00e9e \u00e0 Rennes en Bretagne : Je me d\u00e9place dans ce p\u00e9rim\u00e8tre \u00e0 v\u00e9lo jusqu&rsquo;\u00e0 votre lieu. Je me d\u00e9place dans ce p\u00e9rim\u00e8tre en voiture jusqu&rsquo;\u00e0 votre lieu : Je peux [&hellip;]<\/p>\n","protected":false},"author":1,"featured_media":0,"parent":0,"menu_order":0,"comment_status":"closed","ping_status":"closed","template":"templates\/page-builder-template.php","meta":{"footnotes":""},"class_list":["post-97","page","type-page","status-publish","hentry"],"yoast_head":"<!-- This site is optimized with the Yoast SEO plugin v27.6 - https:\/\/yoast.com\/product\/yoast-seo-wordpress\/ -->\n<title>O\u00f9-Motiv&#039;-Intervient<\/title>\n<meta name=\"robots\" content=\"index, follow, max-snippet:-1, max-image-preview:large, max-video-preview:-1\" \/>\n<link rel=\"canonical\" href=\"https:\/\/www.boostetonimage.fr\/index.php\/ou-jinterviens\/\" \/>\n<meta property=\"og:locale\" content=\"fr_FR\" \/>\n<meta property=\"og:type\" content=\"article\" \/>\n<meta property=\"og:title\" content=\"O\u00f9-Motiv&#039;-Intervient\" \/>\n<meta property=\"og:description\" content=\"Je peux \u00e9changer avec vous par visio sur une dur\u00e9e de 30 minutes. Je peux vous recevoir \u00e0 mon \u00e9tude &#8211; booste ton image, situ\u00e9e \u00e0 Rennes en Bretagne : Je me d\u00e9place dans ce p\u00e9rim\u00e8tre \u00e0 v\u00e9lo jusqu&rsquo;\u00e0 votre lieu. Je me d\u00e9place dans ce p\u00e9rim\u00e8tre en voiture jusqu&rsquo;\u00e0 votre lieu : Je peux [&hellip;]\" \/>\n<meta property=\"og:url\" content=\"https:\/\/www.boostetonimage.fr\/index.php\/ou-jinterviens\/\" \/>\n<meta property=\"og:site_name\" content=\"Booste ton image\" \/>\n<meta property=\"article:modified_time\" content=\"2023-08-18T07:13:58+00:00\" \/>\n<meta property=\"og:image\" content=\"https:\/\/www.boostetonimage.fr\/wp-content\/uploads\/2023\/08\/etude-bti-768x1024.jpg\" \/>\n<meta name=\"twitter:card\" content=\"summary_large_image\" \/>\n<meta name=\"twitter:label1\" content=\"Dur\u00e9e de lecture estim\u00e9e\" \/>\n\t<meta name=\"twitter:data1\" content=\"1 minute\" \/>\n<script type=\"application\/ld+json\" class=\"yoast-schema-graph\">{\"@context\":\"https:\\\/\\\/schema.org\",\"@graph\":[{\"@type\":\"WebPage\",\"@id\":\"https:\\\/\\\/www.boostetonimage.fr\\\/index.php\\\/ou-jinterviens\\\/\",\"url\":\"https:\\\/\\\/www.boostetonimage.fr\\\/index.php\\\/ou-jinterviens\\\/\",\"name\":\"O\u00f9-Motiv'-Intervient\",\"isPartOf\":{\"@id\":\"https:\\\/\\\/www.boostetonimage.fr\\\/#website\"},\"primaryImageOfPage\":{\"@id\":\"https:\\\/\\\/www.boostetonimage.fr\\\/index.php\\\/ou-jinterviens\\\/#primaryimage\"},\"image\":{\"@id\":\"https:\\\/\\\/www.boostetonimage.fr\\\/index.php\\\/ou-jinterviens\\\/#primaryimage\"},\"thumbnailUrl\":\"https:\\\/\\\/www.boostetonimage.fr\\\/wp-content\\\/uploads\\\/2023\\\/08\\\/etude-bti-768x1024.jpg\",\"datePublished\":\"2022-06-27T08:43:11+00:00\",\"dateModified\":\"2023-08-18T07:13:58+00:00\",\"breadcrumb\":{\"@id\":\"https:\\\/\\\/www.boostetonimage.fr\\\/index.php\\\/ou-jinterviens\\\/#breadcrumb\"},\"inLanguage\":\"fr-FR\",\"potentialAction\":[{\"@type\":\"ReadAction\",\"target\":[\"https:\\\/\\\/www.boostetonimage.fr\\\/index.php\\\/ou-jinterviens\\\/\"]}]},{\"@type\":\"ImageObject\",\"inLanguage\":\"fr-FR\",\"@id\":\"https:\\\/\\\/www.boostetonimage.fr\\\/index.php\\\/ou-jinterviens\\\/#primaryimage\",\"url\":\"https:\\\/\\\/www.boostetonimage.fr\\\/wp-content\\\/uploads\\\/2023\\\/08\\\/etude-bti-scaled.jpg\",\"contentUrl\":\"https:\\\/\\\/www.boostetonimage.fr\\\/wp-content\\\/uploads\\\/2023\\\/08\\\/etude-bti-scaled.jpg\",\"width\":1920,\"height\":2560},{\"@type\":\"BreadcrumbList\",\"@id\":\"https:\\\/\\\/www.boostetonimage.fr\\\/index.php\\\/ou-jinterviens\\\/#breadcrumb\",\"itemListElement\":[{\"@type\":\"ListItem\",\"position\":1,\"name\":\"Accueil\",\"item\":\"https:\\\/\\\/www.boostetonimage.fr\\\/\"},{\"@type\":\"ListItem\",\"position\":2,\"name\":\"O\u00f9 intervient Booste ton image\"}]},{\"@type\":\"WebSite\",\"@id\":\"https:\\\/\\\/www.boostetonimage.fr\\\/#website\",\"url\":\"https:\\\/\\\/www.boostetonimage.fr\\\/\",\"name\":\"Booste ton image\",\"description\":\"Pour une nouvelle posture professionnelle comme personnelle, en avant avec Booste ton image !\",\"publisher\":{\"@id\":\"https:\\\/\\\/www.boostetonimage.fr\\\/#organization\"},\"potentialAction\":[{\"@type\":\"SearchAction\",\"target\":{\"@type\":\"EntryPoint\",\"urlTemplate\":\"https:\\\/\\\/www.boostetonimage.fr\\\/?s={search_term_string}\"},\"query-input\":{\"@type\":\"PropertyValueSpecification\",\"valueRequired\":true,\"valueName\":\"search_term_string\"}}],\"inLanguage\":\"fr-FR\"},{\"@type\":\"Organization\",\"@id\":\"https:\\\/\\\/www.boostetonimage.fr\\\/#organization\",\"name\":\"Booste ton image\",\"url\":\"https:\\\/\\\/www.boostetonimage.fr\\\/\",\"logo\":{\"@type\":\"ImageObject\",\"inLanguage\":\"fr-FR\",\"@id\":\"https:\\\/\\\/www.boostetonimage.fr\\\/#\\\/schema\\\/logo\\\/image\\\/\",\"url\":\"https:\\\/\\\/www.boostetonimage.fr\\\/wp-content\\\/uploads\\\/2023\\\/07\\\/cropped-logo-web-transparent.png\",\"contentUrl\":\"https:\\\/\\\/www.boostetonimage.fr\\\/wp-content\\\/uploads\\\/2023\\\/07\\\/cropped-logo-web-transparent.png\",\"width\":500,\"height\":251,\"caption\":\"Booste ton image\"},\"image\":{\"@id\":\"https:\\\/\\\/www.boostetonimage.fr\\\/#\\\/schema\\\/logo\\\/image\\\/\"},\"sameAs\":[\"https:\\\/\\\/www.instagram.com\\\/lm_motiv\\\/\"]}]}<\/script>\n<!-- \/ Yoast SEO plugin. -->","yoast_head_json":{"title":"O\u00f9-Motiv'-Intervient","robots":{"index":"index","follow":"follow","max-snippet":"max-snippet:-1","max-image-preview":"max-image-preview:large","max-video-preview":"max-video-preview:-1"},"canonical":"https:\/\/www.boostetonimage.fr\/index.php\/ou-jinterviens\/","og_locale":"fr_FR","og_type":"article","og_title":"O\u00f9-Motiv'-Intervient","og_description":"Je peux \u00e9changer avec vous par visio sur une dur\u00e9e de 30 minutes. Je peux vous recevoir \u00e0 mon \u00e9tude &#8211; booste ton image, situ\u00e9e \u00e0 Rennes en Bretagne : Je me d\u00e9place dans ce p\u00e9rim\u00e8tre \u00e0 v\u00e9lo jusqu&rsquo;\u00e0 votre lieu. Je me d\u00e9place dans ce p\u00e9rim\u00e8tre en voiture jusqu&rsquo;\u00e0 votre lieu : Je peux [&hellip;]","og_url":"https:\/\/www.boostetonimage.fr\/index.php\/ou-jinterviens\/","og_site_name":"Booste ton image","article_modified_time":"2023-08-18T07:13:58+00:00","og_image":[{"url":"https:\/\/www.boostetonimage.fr\/wp-content\/uploads\/2023\/08\/etude-bti-768x1024.jpg","type":"","width":"","height":""}],"twitter_card":"summary_large_image","twitter_misc":{"Dur\u00e9e de lecture estim\u00e9e":"1 minute"},"schema":{"@context":"https:\/\/schema.org","@graph":[{"@type":"WebPage","@id":"https:\/\/www.boostetonimage.fr\/index.php\/ou-jinterviens\/","url":"https:\/\/www.boostetonimage.fr\/index.php\/ou-jinterviens\/","name":"O\u00f9-Motiv'-Intervient","isPartOf":{"@id":"https:\/\/www.boostetonimage.fr\/#website"},"primaryImageOfPage":{"@id":"https:\/\/www.boostetonimage.fr\/index.php\/ou-jinterviens\/#primaryimage"},"image":{"@id":"https:\/\/www.boostetonimage.fr\/index.php\/ou-jinterviens\/#primaryimage"},"thumbnailUrl":"https:\/\/www.boostetonimage.fr\/wp-content\/uploads\/2023\/08\/etude-bti-768x1024.jpg","datePublished":"2022-06-27T08:43:11+00:00","dateModified":"2023-08-18T07:13:58+00:00","breadcrumb":{"@id":"https:\/\/www.boostetonimage.fr\/index.php\/ou-jinterviens\/#breadcrumb"},"inLanguage":"fr-FR","potentialAction":[{"@type":"ReadAction","target":["https:\/\/www.boostetonimage.fr\/index.php\/ou-jinterviens\/"]}]},{"@type":"ImageObject","inLanguage":"fr-FR","@id":"https:\/\/www.boostetonimage.fr\/index.php\/ou-jinterviens\/#primaryimage","url":"https:\/\/www.boostetonimage.fr\/wp-content\/uploads\/2023\/08\/etude-bti-scaled.jpg","contentUrl":"https:\/\/www.boostetonimage.fr\/wp-content\/uploads\/2023\/08\/etude-bti-scaled.jpg","width":1920,"height":2560},{"@type":"BreadcrumbList","@id":"https:\/\/www.boostetonimage.fr\/index.php\/ou-jinterviens\/#breadcrumb","itemListElement":[{"@type":"ListItem","position":1,"name":"Accueil","item":"https:\/\/www.boostetonimage.fr\/"},{"@type":"ListItem","position":2,"name":"O\u00f9 intervient Booste ton image"}]},{"@type":"WebSite","@id":"https:\/\/www.boostetonimage.fr\/#website","url":"https:\/\/www.boostetonimage.fr\/","name":"Booste ton image","description":"Pour une nouvelle posture professionnelle comme personnelle, en avant avec Booste ton image !","publisher":{"@id":"https:\/\/www.boostetonimage.fr\/#organization"},"potentialAction":[{"@type":"SearchAction","target":{"@type":"EntryPoint","urlTemplate":"https:\/\/www.boostetonimage.fr\/?s={search_term_string}"},"query-input":{"@type":"PropertyValueSpecification","valueRequired":true,"valueName":"search_term_string"}}],"inLanguage":"fr-FR"},{"@type":"Organization","@id":"https:\/\/www.boostetonimage.fr\/#organization","name":"Booste ton image","url":"https:\/\/www.boostetonimage.fr\/","logo":{"@type":"ImageObject","inLanguage":"fr-FR","@id":"https:\/\/www.boostetonimage.fr\/#\/schema\/logo\/image\/","url":"https:\/\/www.boostetonimage.fr\/wp-content\/uploads\/2023\/07\/cropped-logo-web-transparent.png","contentUrl":"https:\/\/www.boostetonimage.fr\/wp-content\/uploads\/2023\/07\/cropped-logo-web-transparent.png","width":500,"height":251,"caption":"Booste ton image"},"image":{"@id":"https:\/\/www.boostetonimage.fr\/#\/schema\/logo\/image\/"},"sameAs":["https:\/\/www.instagram.com\/lm_motiv\/"]}]}},"_links":{"self":[{"href":"https:\/\/www.boostetonimage.fr\/index.php\/wp-json\/wp\/v2\/pages\/97","targetHints":{"allow":["GET"]}}],"collection":[{"href":"https:\/\/www.boostetonimage.fr\/index.php\/wp-json\/wp\/v2\/pages"}],"about":[{"href":"https:\/\/www.boostetonimage.fr\/index.php\/wp-json\/wp\/v2\/types\/page"}],"author":[{"embeddable":true,"href":"https:\/\/www.boostetonimage.fr\/index.php\/wp-json\/wp\/v2\/users\/1"}],"replies":[{"embeddable":true,"href":"https:\/\/www.boostetonimage.fr\/index.php\/wp-json\/wp\/v2\/comments?post=97"}],"version-history":[{"count":16,"href":"https:\/\/www.boostetonimage.fr\/index.php\/wp-json\/wp\/v2\/pages\/97\/revisions"}],"predecessor-version":[{"id":651,"href":"https:\/\/www.boostetonimage.fr\/index.php\/wp-json\/wp\/v2\/pages\/97\/revisions\/651"}],"wp:attachment":[{"href":"https:\/\/www.boostetonimage.fr\/index.php\/wp-json\/wp\/v2\/media?parent=97"}],"curies":[{"name":"wp","href":"https:\/\/api.w.org\/{rel}","templated":true}]}}