{"id":623,"date":"2023-07-24T07:11:51","date_gmt":"2023-07-24T07:11:51","guid":{"rendered":"https:\/\/www.boostetonimage.fr\/?page_id=623"},"modified":"2023-07-24T07:33:10","modified_gmt":"2023-07-24T07:33:10","slug":"lauto-maquillage","status":"publish","type":"page","link":"https:\/\/www.boostetonimage.fr\/index.php\/lauto-maquillage\/","title":{"rendered":"Booste ton image &#038; l&rsquo;auto-maquillage"},"content":{"rendered":"\n<p>Pourquoi s&rsquo;accorder une s\u00e9ance d&rsquo;auto-maquillage ?<\/p>\n\n\n\n<ul class=\"wp-block-list\">\n<li>Pour apprendre les bases d&rsquo;un maquillage rapide et embellissant au quotidien.<\/li>\n\n\n\n<li>Pour se sentir bien dans sa peau, en en prenant soin avec des produits de qualit\u00e9 : \u00e9cologiquement responsable et naturel.<\/li>\n\n\n\n<li>Pour se d\u00e9tendre&#8230;<\/li>\n<\/ul>\n\n\n\n<p><\/p>\n\n\n\n<p>Voici une vid\u00e9o challenge, r\u00e9alis\u00e9e pendant ma formation en mai dernier, <\/p>\n\n\n\n<p>pour vous illustrer ma m\u00e9thode :<\/p>\n\n\n\n<figure class=\"wp-block-embed is-type-video is-provider-youtube wp-block-embed-youtube wp-embed-aspect-16-9 wp-has-aspect-ratio\"><div class=\"wp-block-embed__wrapper\">\n<iframe title=\"Challenge Make up\" width=\"640\" height=\"360\" src=\"https:\/\/www.youtube.com\/embed\/6wGCxHVAy-s?feature=oembed\" frameborder=\"0\" allow=\"accelerometer; autoplay; clipboard-write; encrypted-media; gyroscope; picture-in-picture; web-share\" referrerpolicy=\"strict-origin-when-cross-origin\" allowfullscreen><\/iframe>\n<\/div><\/figure>\n\n\n\n<p>Voici en images, ce que donne une s\u00e9ance d&rsquo;auto-maquillage quand je suis ma propre mod\u00e8le :<\/p>\n\n\n\n<div class=\"wp-block-columns is-layout-flex wp-container-core-columns-is-layout-28f84493 wp-block-columns-is-layout-flex\">\n<div class=\"wp-block-column is-layout-flow wp-block-column-is-layout-flow\">\n<figure class=\"wp-block-image size-large\"><img fetchpriority=\"high\" decoding=\"async\" width=\"1024\" height=\"576\" src=\"https:\/\/www.boostetonimage.fr\/wp-content\/uploads\/2023\/07\/Exautomaquillage-Lucile-1024x576.jpg\" alt=\"\" class=\"wp-image-634\" srcset=\"https:\/\/www.boostetonimage.fr\/wp-content\/uploads\/2023\/07\/Exautomaquillage-Lucile-1024x576.jpg 1024w, https:\/\/www.boostetonimage.fr\/wp-content\/uploads\/2023\/07\/Exautomaquillage-Lucile-300x169.jpg 300w, https:\/\/www.boostetonimage.fr\/wp-content\/uploads\/2023\/07\/Exautomaquillage-Lucile-768x432.jpg 768w, https:\/\/www.boostetonimage.fr\/wp-content\/uploads\/2023\/07\/Exautomaquillage-Lucile.jpg 1323w\" sizes=\"(max-width: 1024px) 100vw, 1024px\" \/><\/figure>\n<\/div>\n<\/div>\n\n\n\n<p>Int\u00e9resser pour d\u00e9marrer vos s\u00e9ances de conseils en image et y int\u00e9grer l&rsquo;auto-maquillage ?<\/p>\n\n\n\n<p>Pour prendre contact, c&rsquo;est <strong>ici<\/strong> !<\/p>\n","protected":false},"excerpt":{"rendered":"<p>Pourquoi s&rsquo;accorder une s\u00e9ance d&rsquo;auto-maquillage ? Voici une vid\u00e9o challenge, r\u00e9alis\u00e9e pendant ma formation en mai dernier, pour vous illustrer ma m\u00e9thode : Voici en images, ce que donne une s\u00e9ance d&rsquo;auto-maquillage quand je suis ma propre mod\u00e8le : Int\u00e9resser pour d\u00e9marrer vos s\u00e9ances de conseils en image et y int\u00e9grer l&rsquo;auto-maquillage ? Pour prendre [&hellip;]<\/p>\n","protected":false},"author":1,"featured_media":0,"parent":0,"menu_order":0,"comment_status":"closed","ping_status":"closed","template":"","meta":{"footnotes":""},"class_list":["post-623","page","type-page","status-publish","hentry"],"yoast_head":"<!-- This site is optimized with the Yoast SEO plugin v27.6 - https:\/\/yoast.com\/product\/yoast-seo-wordpress\/ -->\n<title>Booste ton image &amp; l&#039;auto-maquillage - Booste ton image<\/title>\n<meta name=\"robots\" content=\"index, follow, max-snippet:-1, max-image-preview:large, max-video-preview:-1\" \/>\n<link rel=\"canonical\" href=\"https:\/\/www.boostetonimage.fr\/index.php\/lauto-maquillage\/\" \/>\n<meta property=\"og:locale\" content=\"fr_FR\" \/>\n<meta property=\"og:type\" content=\"article\" \/>\n<meta property=\"og:title\" content=\"Booste ton image &amp; l&#039;auto-maquillage - Booste ton image\" \/>\n<meta property=\"og:description\" content=\"Pourquoi s&rsquo;accorder une s\u00e9ance d&rsquo;auto-maquillage ? Voici une vid\u00e9o challenge, r\u00e9alis\u00e9e pendant ma formation en mai dernier, pour vous illustrer ma m\u00e9thode : Voici en images, ce que donne une s\u00e9ance d&rsquo;auto-maquillage quand je suis ma propre mod\u00e8le : Int\u00e9resser pour d\u00e9marrer vos s\u00e9ances de conseils en image et y int\u00e9grer l&rsquo;auto-maquillage ? Pour prendre [&hellip;]\" \/>\n<meta property=\"og:url\" content=\"https:\/\/www.boostetonimage.fr\/index.php\/lauto-maquillage\/\" \/>\n<meta property=\"og:site_name\" content=\"Booste ton image\" \/>\n<meta property=\"article:modified_time\" content=\"2023-07-24T07:33:10+00:00\" \/>\n<meta property=\"og:image\" content=\"https:\/\/www.boostetonimage.fr\/wp-content\/uploads\/2023\/07\/Exautomaquillage-Lucile-1024x576.jpg\" \/>\n<meta name=\"twitter:card\" content=\"summary_large_image\" \/>\n<meta name=\"twitter:label1\" content=\"Dur\u00e9e de lecture estim\u00e9e\" \/>\n\t<meta name=\"twitter:data1\" content=\"1 minute\" \/>\n<script type=\"application\/ld+json\" class=\"yoast-schema-graph\">{\"@context\":\"https:\\\/\\\/schema.org\",\"@graph\":[{\"@type\":\"WebPage\",\"@id\":\"https:\\\/\\\/www.boostetonimage.fr\\\/index.php\\\/lauto-maquillage\\\/\",\"url\":\"https:\\\/\\\/www.boostetonimage.fr\\\/index.php\\\/lauto-maquillage\\\/\",\"name\":\"Booste ton image & l'auto-maquillage - Booste ton image\",\"isPartOf\":{\"@id\":\"https:\\\/\\\/www.boostetonimage.fr\\\/#website\"},\"primaryImageOfPage\":{\"@id\":\"https:\\\/\\\/www.boostetonimage.fr\\\/index.php\\\/lauto-maquillage\\\/#primaryimage\"},\"image\":{\"@id\":\"https:\\\/\\\/www.boostetonimage.fr\\\/index.php\\\/lauto-maquillage\\\/#primaryimage\"},\"thumbnailUrl\":\"https:\\\/\\\/www.boostetonimage.fr\\\/wp-content\\\/uploads\\\/2023\\\/07\\\/Exautomaquillage-Lucile-1024x576.jpg\",\"datePublished\":\"2023-07-24T07:11:51+00:00\",\"dateModified\":\"2023-07-24T07:33:10+00:00\",\"breadcrumb\":{\"@id\":\"https:\\\/\\\/www.boostetonimage.fr\\\/index.php\\\/lauto-maquillage\\\/#breadcrumb\"},\"inLanguage\":\"fr-FR\",\"potentialAction\":[{\"@type\":\"ReadAction\",\"target\":[\"https:\\\/\\\/www.boostetonimage.fr\\\/index.php\\\/lauto-maquillage\\\/\"]}]},{\"@type\":\"ImageObject\",\"inLanguage\":\"fr-FR\",\"@id\":\"https:\\\/\\\/www.boostetonimage.fr\\\/index.php\\\/lauto-maquillage\\\/#primaryimage\",\"url\":\"https:\\\/\\\/www.boostetonimage.fr\\\/wp-content\\\/uploads\\\/2023\\\/07\\\/Exautomaquillage-Lucile.jpg\",\"contentUrl\":\"https:\\\/\\\/www.boostetonimage.fr\\\/wp-content\\\/uploads\\\/2023\\\/07\\\/Exautomaquillage-Lucile.jpg\",\"width\":1323,\"height\":744},{\"@type\":\"BreadcrumbList\",\"@id\":\"https:\\\/\\\/www.boostetonimage.fr\\\/index.php\\\/lauto-maquillage\\\/#breadcrumb\",\"itemListElement\":[{\"@type\":\"ListItem\",\"position\":1,\"name\":\"Accueil\",\"item\":\"https:\\\/\\\/www.boostetonimage.fr\\\/\"},{\"@type\":\"ListItem\",\"position\":2,\"name\":\"Booste ton image &#038; l&rsquo;auto-maquillage\"}]},{\"@type\":\"WebSite\",\"@id\":\"https:\\\/\\\/www.boostetonimage.fr\\\/#website\",\"url\":\"https:\\\/\\\/www.boostetonimage.fr\\\/\",\"name\":\"Booste ton image\",\"description\":\"Pour une nouvelle posture professionnelle comme personnelle, en avant avec Booste ton image !\",\"publisher\":{\"@id\":\"https:\\\/\\\/www.boostetonimage.fr\\\/#organization\"},\"potentialAction\":[{\"@type\":\"SearchAction\",\"target\":{\"@type\":\"EntryPoint\",\"urlTemplate\":\"https:\\\/\\\/www.boostetonimage.fr\\\/?s={search_term_string}\"},\"query-input\":{\"@type\":\"PropertyValueSpecification\",\"valueRequired\":true,\"valueName\":\"search_term_string\"}}],\"inLanguage\":\"fr-FR\"},{\"@type\":\"Organization\",\"@id\":\"https:\\\/\\\/www.boostetonimage.fr\\\/#organization\",\"name\":\"Booste ton image\",\"url\":\"https:\\\/\\\/www.boostetonimage.fr\\\/\",\"logo\":{\"@type\":\"ImageObject\",\"inLanguage\":\"fr-FR\",\"@id\":\"https:\\\/\\\/www.boostetonimage.fr\\\/#\\\/schema\\\/logo\\\/image\\\/\",\"url\":\"https:\\\/\\\/www.boostetonimage.fr\\\/wp-content\\\/uploads\\\/2023\\\/07\\\/cropped-logo-web-transparent.png\",\"contentUrl\":\"https:\\\/\\\/www.boostetonimage.fr\\\/wp-content\\\/uploads\\\/2023\\\/07\\\/cropped-logo-web-transparent.png\",\"width\":500,\"height\":251,\"caption\":\"Booste ton image\"},\"image\":{\"@id\":\"https:\\\/\\\/www.boostetonimage.fr\\\/#\\\/schema\\\/logo\\\/image\\\/\"},\"sameAs\":[\"https:\\\/\\\/www.instagram.com\\\/lm_motiv\\\/\"]}]}<\/script>\n<!-- \/ Yoast SEO plugin. -->","yoast_head_json":{"title":"Booste ton image & l'auto-maquillage - Booste ton image","robots":{"index":"index","follow":"follow","max-snippet":"max-snippet:-1","max-image-preview":"max-image-preview:large","max-video-preview":"max-video-preview:-1"},"canonical":"https:\/\/www.boostetonimage.fr\/index.php\/lauto-maquillage\/","og_locale":"fr_FR","og_type":"article","og_title":"Booste ton image & l'auto-maquillage - Booste ton image","og_description":"Pourquoi s&rsquo;accorder une s\u00e9ance d&rsquo;auto-maquillage ? Voici une vid\u00e9o challenge, r\u00e9alis\u00e9e pendant ma formation en mai dernier, pour vous illustrer ma m\u00e9thode : Voici en images, ce que donne une s\u00e9ance d&rsquo;auto-maquillage quand je suis ma propre mod\u00e8le : Int\u00e9resser pour d\u00e9marrer vos s\u00e9ances de conseils en image et y int\u00e9grer l&rsquo;auto-maquillage ? Pour prendre [&hellip;]","og_url":"https:\/\/www.boostetonimage.fr\/index.php\/lauto-maquillage\/","og_site_name":"Booste ton image","article_modified_time":"2023-07-24T07:33:10+00:00","og_image":[{"url":"https:\/\/www.boostetonimage.fr\/wp-content\/uploads\/2023\/07\/Exautomaquillage-Lucile-1024x576.jpg","type":"","width":"","height":""}],"twitter_card":"summary_large_image","twitter_misc":{"Dur\u00e9e de lecture estim\u00e9e":"1 minute"},"schema":{"@context":"https:\/\/schema.org","@graph":[{"@type":"WebPage","@id":"https:\/\/www.boostetonimage.fr\/index.php\/lauto-maquillage\/","url":"https:\/\/www.boostetonimage.fr\/index.php\/lauto-maquillage\/","name":"Booste ton image & l'auto-maquillage - Booste ton image","isPartOf":{"@id":"https:\/\/www.boostetonimage.fr\/#website"},"primaryImageOfPage":{"@id":"https:\/\/www.boostetonimage.fr\/index.php\/lauto-maquillage\/#primaryimage"},"image":{"@id":"https:\/\/www.boostetonimage.fr\/index.php\/lauto-maquillage\/#primaryimage"},"thumbnailUrl":"https:\/\/www.boostetonimage.fr\/wp-content\/uploads\/2023\/07\/Exautomaquillage-Lucile-1024x576.jpg","datePublished":"2023-07-24T07:11:51+00:00","dateModified":"2023-07-24T07:33:10+00:00","breadcrumb":{"@id":"https:\/\/www.boostetonimage.fr\/index.php\/lauto-maquillage\/#breadcrumb"},"inLanguage":"fr-FR","potentialAction":[{"@type":"ReadAction","target":["https:\/\/www.boostetonimage.fr\/index.php\/lauto-maquillage\/"]}]},{"@type":"ImageObject","inLanguage":"fr-FR","@id":"https:\/\/www.boostetonimage.fr\/index.php\/lauto-maquillage\/#primaryimage","url":"https:\/\/www.boostetonimage.fr\/wp-content\/uploads\/2023\/07\/Exautomaquillage-Lucile.jpg","contentUrl":"https:\/\/www.boostetonimage.fr\/wp-content\/uploads\/2023\/07\/Exautomaquillage-Lucile.jpg","width":1323,"height":744},{"@type":"BreadcrumbList","@id":"https:\/\/www.boostetonimage.fr\/index.php\/lauto-maquillage\/#breadcrumb","itemListElement":[{"@type":"ListItem","position":1,"name":"Accueil","item":"https:\/\/www.boostetonimage.fr\/"},{"@type":"ListItem","position":2,"name":"Booste ton image &#038; l&rsquo;auto-maquillage"}]},{"@type":"WebSite","@id":"https:\/\/www.boostetonimage.fr\/#website","url":"https:\/\/www.boostetonimage.fr\/","name":"Booste ton image","description":"Pour une nouvelle posture professionnelle comme personnelle, en avant avec Booste ton image !","publisher":{"@id":"https:\/\/www.boostetonimage.fr\/#organization"},"potentialAction":[{"@type":"SearchAction","target":{"@type":"EntryPoint","urlTemplate":"https:\/\/www.boostetonimage.fr\/?s={search_term_string}"},"query-input":{"@type":"PropertyValueSpecification","valueRequired":true,"valueName":"search_term_string"}}],"inLanguage":"fr-FR"},{"@type":"Organization","@id":"https:\/\/www.boostetonimage.fr\/#organization","name":"Booste ton image","url":"https:\/\/www.boostetonimage.fr\/","logo":{"@type":"ImageObject","inLanguage":"fr-FR","@id":"https:\/\/www.boostetonimage.fr\/#\/schema\/logo\/image\/","url":"https:\/\/www.boostetonimage.fr\/wp-content\/uploads\/2023\/07\/cropped-logo-web-transparent.png","contentUrl":"https:\/\/www.boostetonimage.fr\/wp-content\/uploads\/2023\/07\/cropped-logo-web-transparent.png","width":500,"height":251,"caption":"Booste ton image"},"image":{"@id":"https:\/\/www.boostetonimage.fr\/#\/schema\/logo\/image\/"},"sameAs":["https:\/\/www.instagram.com\/lm_motiv\/"]}]}},"_links":{"self":[{"href":"https:\/\/www.boostetonimage.fr\/index.php\/wp-json\/wp\/v2\/pages\/623","targetHints":{"allow":["GET"]}}],"collection":[{"href":"https:\/\/www.boostetonimage.fr\/index.php\/wp-json\/wp\/v2\/pages"}],"about":[{"href":"https:\/\/www.boostetonimage.fr\/index.php\/wp-json\/wp\/v2\/types\/page"}],"author":[{"embeddable":true,"href":"https:\/\/www.boostetonimage.fr\/index.php\/wp-json\/wp\/v2\/users\/1"}],"replies":[{"embeddable":true,"href":"https:\/\/www.boostetonimage.fr\/index.php\/wp-json\/wp\/v2\/comments?post=623"}],"version-history":[{"count":7,"href":"https:\/\/www.boostetonimage.fr\/index.php\/wp-json\/wp\/v2\/pages\/623\/revisions"}],"predecessor-version":[{"id":635,"href":"https:\/\/www.boostetonimage.fr\/index.php\/wp-json\/wp\/v2\/pages\/623\/revisions\/635"}],"wp:attachment":[{"href":"https:\/\/www.boostetonimage.fr\/index.php\/wp-json\/wp\/v2\/media?parent=623"}],"curies":[{"name":"wp","href":"https:\/\/api.w.org\/{rel}","templated":true}]}}