{"id":193,"date":"2022-06-27T08:04:29","date_gmt":"2022-06-27T08:04:29","guid":{"rendered":"https:\/\/www.boostetonimage.fr\/?page_id=193"},"modified":"2023-08-11T10:07:03","modified_gmt":"2023-08-11T10:07:03","slug":"bienvenue","status":"publish","type":"page","link":"https:\/\/www.boostetonimage.fr\/","title":{"rendered":"Booste ton image, vous souhaite la bienvenue !!"},"content":{"rendered":"\t\t<div data-elementor-type=\"wp-page\" data-elementor-id=\"193\" class=\"elementor elementor-193\">\n\t\t\t\t\t\t<section class=\"elementor-section elementor-top-section elementor-element elementor-element-01c8b98 elementor-section-full_width elementor-section-height-default elementor-section-height-default\" data-id=\"01c8b98\" data-element_type=\"section\" data-e-type=\"section\">\n\t\t\t\t\t\t<div class=\"elementor-container elementor-column-gap-default\">\n\t\t\t\t\t<div class=\"elementor-column elementor-col-100 elementor-top-column elementor-element elementor-element-11b93a9\" data-id=\"11b93a9\" data-element_type=\"column\" data-e-type=\"column\">\n\t\t\t<div class=\"elementor-widget-wrap elementor-element-populated\">\n\t\t\t\t\t\t<div class=\"elementor-element elementor-element-37e8044 elementor-arrows-position-inside elementor-pagination-position-outside elementor-widget elementor-widget-image-carousel\" data-id=\"37e8044\" data-element_type=\"widget\" data-e-type=\"widget\" data-settings=\"{&quot;slides_to_show&quot;:&quot;1&quot;,&quot;navigation&quot;:&quot;both&quot;,&quot;autoplay&quot;:&quot;yes&quot;,&quot;pause_on_hover&quot;:&quot;yes&quot;,&quot;pause_on_interaction&quot;:&quot;yes&quot;,&quot;autoplay_speed&quot;:5000,&quot;infinite&quot;:&quot;yes&quot;,&quot;effect&quot;:&quot;slide&quot;,&quot;speed&quot;:500}\" data-widget_type=\"image-carousel.default\">\n\t\t\t\t<div class=\"elementor-widget-container\">\n\t\t\t\t\t\t\t<div class=\"elementor-image-carousel-wrapper swiper\" role=\"region\" aria-roledescription=\"carousel\" aria-label=\"Carrousel d\u2019images\" dir=\"ltr\">\n\t\t\t<div class=\"elementor-image-carousel swiper-wrapper\" aria-live=\"off\">\n\t\t\t\t\t\t\t\t<div class=\"swiper-slide\" role=\"group\" aria-roledescription=\"slide\" aria-label=\"1 sur 1\"><figure class=\"swiper-slide-inner\"><img decoding=\"async\" class=\"swiper-slide-image\" src=\"https:\/\/www.boostetonimage.fr\/wp-content\/uploads\/2023\/07\/Bannierelinkedin-boostetonimage.png\" alt=\"Bannierelinkedin-boostetonimage\" \/><\/figure><\/div>\t\t\t<\/div>\n\t\t\t\t\t<\/div>\n\t\t\t\t\t\t<\/div>\n\t\t\t\t<\/div>\n\t\t\t\t\t<\/div>\n\t\t<\/div>\n\t\t\t\t\t<\/div>\n\t\t<\/section>\n\t\t\t\t<section class=\"elementor-section elementor-top-section elementor-element elementor-element-744bfc8 elementor-section-boxed elementor-section-height-default elementor-section-height-default\" data-id=\"744bfc8\" data-element_type=\"section\" data-e-type=\"section\">\n\t\t\t\t\t\t<div class=\"elementor-container elementor-column-gap-default\">\n\t\t\t\t\t<div class=\"elementor-column elementor-col-100 elementor-top-column elementor-element elementor-element-87ed995\" data-id=\"87ed995\" data-element_type=\"column\" data-e-type=\"column\">\n\t\t\t<div class=\"elementor-widget-wrap elementor-element-populated\">\n\t\t\t\t\t\t<div class=\"elementor-element elementor-element-20eef5a elementor-widget elementor-widget-text-editor\" data-id=\"20eef5a\" data-element_type=\"widget\" data-e-type=\"widget\" data-widget_type=\"text-editor.default\">\n\t\t\t\t<div class=\"elementor-widget-container\">\n\t\t\t\t\t\t\t\t\t<h1>Une nouvelle posture professionnelle comme personnelle,\u00a0<\/h1><h1>en avant avec Booste ton image !<\/h1>\t\t\t\t\t\t\t\t<\/div>\n\t\t\t\t<\/div>\n\t\t\t\t\t<\/div>\n\t\t<\/div>\n\t\t\t\t\t<\/div>\n\t\t<\/section>\n\t\t\t\t<section class=\"elementor-section elementor-top-section elementor-element elementor-element-f097859 elementor-section-boxed elementor-section-height-default elementor-section-height-default\" data-id=\"f097859\" data-element_type=\"section\" data-e-type=\"section\">\n\t\t\t\t\t\t<div class=\"elementor-container elementor-column-gap-default\">\n\t\t\t\t\t<div class=\"elementor-column elementor-col-100 elementor-top-column elementor-element elementor-element-8343aad\" data-id=\"8343aad\" data-element_type=\"column\" data-e-type=\"column\">\n\t\t\t<div class=\"elementor-widget-wrap elementor-element-populated\">\n\t\t\t\t\t\t<div class=\"elementor-element elementor-element-efd7833 elementor-widget elementor-widget-spacer\" data-id=\"efd7833\" data-element_type=\"widget\" data-e-type=\"widget\" data-widget_type=\"spacer.default\">\n\t\t\t\t<div class=\"elementor-widget-container\">\n\t\t\t\t\t\t\t<div class=\"elementor-spacer\">\n\t\t\t<div class=\"elementor-spacer-inner\"><\/div>\n\t\t<\/div>\n\t\t\t\t\t\t<\/div>\n\t\t\t\t<\/div>\n\t\t\t\t\t<\/div>\n\t\t<\/div>\n\t\t\t\t\t<\/div>\n\t\t<\/section>\n\t\t\t\t<section class=\"elementor-section elementor-top-section elementor-element elementor-element-ba61cdc elementor-section-boxed elementor-section-height-default elementor-section-height-default\" data-id=\"ba61cdc\" data-element_type=\"section\" data-e-type=\"section\">\n\t\t\t\t\t\t<div class=\"elementor-container elementor-column-gap-default\">\n\t\t\t\t\t<div class=\"elementor-column elementor-col-100 elementor-top-column elementor-element elementor-element-965ca52\" data-id=\"965ca52\" data-element_type=\"column\" data-e-type=\"column\">\n\t\t\t<div class=\"elementor-widget-wrap elementor-element-populated\">\n\t\t\t\t\t\t<div class=\"elementor-element elementor-element-5a7c0d4 elementor-widget elementor-widget-text-editor\" data-id=\"5a7c0d4\" data-element_type=\"widget\" data-e-type=\"widget\" data-widget_type=\"text-editor.default\">\n\t\t\t\t<div class=\"elementor-widget-container\">\n\t\t\t\t\t\t\t\t\t<p><strong style=\"color: var(--total-body-color, #444); font-family: var(--total-body-family, Poppins); font-size: var(--total-body-size, 17px); font-style: var(--total-body-style, normal); letter-spacing: var(--total-body-letter-spacing, 0); text-transform: var(--total-body-text-transform, none);\"><img decoding=\"async\" src=\"https:\/\/www.boostetonimage.fr\/wp-content\/uploads\/2023\/07\/profile-pic-Lu-300x300.png\" alt=\"\" width=\"145\" height=\"145\" \/>\u00a0<\/strong><strong style=\"color: var(--total-body-color, #444); font-family: var(--total-body-family, Poppins); font-size: var(--total-body-size, 17px); font-style: var(--total-body-style, normal); letter-spacing: var(--total-body-letter-spacing, 0); text-transform: var(--total-body-text-transform, none);\">-&gt;<\/strong><strong style=\"color: var(--total-body-color, #444); font-family: var(--total-body-family, Poppins); font-size: var(--total-body-size, 17px); font-style: var(--total-body-style, normal); letter-spacing: var(--total-body-letter-spacing, 0); text-transform: var(--total-body-text-transform, none);\">\u00a03 axes de travail : La Communication \/ Les Conseils en Image \/ La Posture Professionnelle\u00a0<\/strong><\/p><p>\u00a0<\/p>\t\t\t\t\t\t\t\t<\/div>\n\t\t\t\t<\/div>\n\t\t\t\t\t<\/div>\n\t\t<\/div>\n\t\t\t\t\t<\/div>\n\t\t<\/section>\n\t\t\t\t<section class=\"elementor-section elementor-top-section elementor-element elementor-element-d901b35 elementor-section-boxed elementor-section-height-default elementor-section-height-default\" data-id=\"d901b35\" data-element_type=\"section\" data-e-type=\"section\">\n\t\t\t\t\t\t<div class=\"elementor-container elementor-column-gap-default\">\n\t\t\t\t\t<div class=\"elementor-column elementor-col-100 elementor-top-column elementor-element elementor-element-7893ccf\" data-id=\"7893ccf\" data-element_type=\"column\" data-e-type=\"column\">\n\t\t\t<div class=\"elementor-widget-wrap elementor-element-populated\">\n\t\t\t\t\t\t<div class=\"elementor-element elementor-element-3844eb6 elementor-widget elementor-widget-text-editor\" data-id=\"3844eb6\" data-element_type=\"widget\" data-e-type=\"widget\" data-widget_type=\"text-editor.default\">\n\t\t\t\t<div class=\"elementor-widget-container\">\n\t\t\t\t\t\t\t\t\t<ul><li>\u00a0En quoi les conseils en image aident \u00e0 s&rsquo;affirmer ?<\/li><li>En quoi les conseils en image permettent de mieux savoir communiquer ?<\/li><li>En quoi les conseils en image favorisent la prise de parole en public ?<\/li><li>En quoi les conseils en image boostent votre confiance en vous ?<\/li><li>Bien souvent vous avez une ou plusieurs images dans la t\u00eate mais \u00eates-vous en harmonie avec vous m\u00eame ?<\/li><li>Votre posture professionnelle comme votre look sont-ils en accord avec qui vous \u00eates int\u00e9rieurement ?\u00a0<\/li><\/ul><p>C&rsquo;est pourquoi, mon <b>regard ext\u00e9rieur<\/b> comme mon <b>\u00e9coute attentive &amp; active<\/b> sont \u00e0 votre disposition, pour vous <b>accompagner<\/b>,\u00a0<span style=\"color: var(--total-body-color, #444); font-family: var(--total-body-family, Poppins); font-size: var(--total-body-size, 17px); font-style: var(--total-body-style, normal); font-weight: var(--total-body-weight, 400); letter-spacing: var(--total-body-letter-spacing, 0); text-transform: var(--total-body-text-transform, none);\">\u00e0 donner la meilleure version de vous-m\u00eame.\u00a0<\/span><\/p><p>Tirez les fils et tissez-les \u00e0 votre image, en avant avec <b>Booste ton image<\/b>!<\/p>\t\t\t\t\t\t\t\t<\/div>\n\t\t\t\t<\/div>\n\t\t\t\t\t<\/div>\n\t\t<\/div>\n\t\t\t\t\t<\/div>\n\t\t<\/section>\n\t\t\t\t<section class=\"elementor-section elementor-top-section elementor-element elementor-element-d1e5c62 elementor-section-boxed elementor-section-height-default elementor-section-height-default\" data-id=\"d1e5c62\" data-element_type=\"section\" data-e-type=\"section\" id=\"https:\/\/www.instagram.com\/lm_motiv\/\">\n\t\t\t\t\t\t<div class=\"elementor-container elementor-column-gap-default\">\n\t\t\t\t\t<div class=\"elementor-column elementor-col-50 elementor-top-column elementor-element elementor-element-2886c7b\" data-id=\"2886c7b\" data-element_type=\"column\" data-e-type=\"column\">\n\t\t\t<div class=\"elementor-widget-wrap elementor-element-populated\">\n\t\t\t\t\t\t<div class=\"elementor-element elementor-element-9aeee17 elementor-widget elementor-widget-video\" data-id=\"9aeee17\" data-element_type=\"widget\" data-e-type=\"widget\" data-settings=\"{&quot;youtube_url&quot;:&quot;https:\\\/\\\/youtu.be\\\/HONn_doLtSA&quot;,&quot;video_type&quot;:&quot;youtube&quot;,&quot;controls&quot;:&quot;yes&quot;}\" data-widget_type=\"video.default\">\n\t\t\t\t<div class=\"elementor-widget-container\">\n\t\t\t\t\t\t\t<div class=\"elementor-wrapper elementor-open-inline\">\n\t\t\t<div class=\"elementor-video\"><\/div>\t\t<\/div>\n\t\t\t\t\t\t<\/div>\n\t\t\t\t<\/div>\n\t\t\t\t\t<\/div>\n\t\t<\/div>\n\t\t\t\t<div class=\"elementor-column elementor-col-50 elementor-top-column elementor-element elementor-element-879d480\" data-id=\"879d480\" data-element_type=\"column\" data-e-type=\"column\">\n\t\t\t<div class=\"elementor-widget-wrap\">\n\t\t\t\t\t\t\t<\/div>\n\t\t<\/div>\n\t\t\t\t\t<\/div>\n\t\t<\/section>\n\t\t\t\t<section class=\"elementor-section elementor-top-section elementor-element elementor-element-e848a74 elementor-section-boxed elementor-section-height-default elementor-section-height-default\" data-id=\"e848a74\" data-element_type=\"section\" data-e-type=\"section\">\n\t\t\t\t\t\t<div class=\"elementor-container elementor-column-gap-default\">\n\t\t\t\t\t<div class=\"elementor-column elementor-col-50 elementor-top-column elementor-element elementor-element-983c1c7\" data-id=\"983c1c7\" data-element_type=\"column\" data-e-type=\"column\">\n\t\t\t<div class=\"elementor-widget-wrap\">\n\t\t\t\t\t\t\t<\/div>\n\t\t<\/div>\n\t\t\t\t<div class=\"elementor-column elementor-col-50 elementor-top-column elementor-element elementor-element-4643fba\" data-id=\"4643fba\" data-element_type=\"column\" data-e-type=\"column\">\n\t\t\t<div class=\"elementor-widget-wrap\">\n\t\t\t\t\t\t\t<\/div>\n\t\t<\/div>\n\t\t\t\t\t<\/div>\n\t\t<\/section>\n\t\t\t\t<section class=\"elementor-section elementor-top-section elementor-element elementor-element-a488a1d elementor-section-boxed elementor-section-height-default elementor-section-height-default\" data-id=\"a488a1d\" data-element_type=\"section\" data-e-type=\"section\">\n\t\t\t\t\t\t<div class=\"elementor-container elementor-column-gap-default\">\n\t\t\t\t\t<div class=\"elementor-column elementor-col-100 elementor-top-column elementor-element elementor-element-9828bf4\" data-id=\"9828bf4\" data-element_type=\"column\" data-e-type=\"column\">\n\t\t\t<div class=\"elementor-widget-wrap elementor-element-populated\">\n\t\t\t\t\t\t<div class=\"elementor-element elementor-element-bca3ae0 elementor-widget elementor-widget-spacer\" data-id=\"bca3ae0\" data-element_type=\"widget\" data-e-type=\"widget\" data-widget_type=\"spacer.default\">\n\t\t\t\t<div class=\"elementor-widget-container\">\n\t\t\t\t\t\t\t<div class=\"elementor-spacer\">\n\t\t\t<div class=\"elementor-spacer-inner\"><\/div>\n\t\t<\/div>\n\t\t\t\t\t\t<\/div>\n\t\t\t\t<\/div>\n\t\t\t\t<div class=\"elementor-element elementor-element-104f464 elementor-widget elementor-widget-testimonial\" data-id=\"104f464\" data-element_type=\"widget\" data-e-type=\"widget\" data-widget_type=\"testimonial.default\">\n\t\t\t\t<div class=\"elementor-widget-container\">\n\t\t\t\t\t\t\t<div class=\"elementor-testimonial-wrapper\">\n\t\t\t\t\t\t\t<div class=\"elementor-testimonial-content\"><span style=\"font-family: Roboto, Arial, sans-serif;font-size: 14px;letter-spacing: 0.2px;text-align: start\">J'ai fait mod\u00e8le pour Lucile et l'aider \u00e0 d\u00e9marrer son activit\u00e9 de conseill\u00e8re en image.&nbsp;<\/span><br><span style=\"font-family: Roboto, Arial, sans-serif;font-size: 14px;letter-spacing: 0.2px;text-align: start\">Elle a \u00e9t\u00e9 d'une tr\u00e8s grande bienveillance, d'une \u00e9coute active, avec des conseils avis\u00e9s.<\/span><\/div>\n\t\t\t\n\t\t\t\t\t\t<div class=\"elementor-testimonial-meta elementor-has-image elementor-testimonial-image-position-aside\">\n\t\t\t\t<div class=\"elementor-testimonial-meta-inner\">\n\t\t\t\t\t\t\t\t\t\t\t<div class=\"elementor-testimonial-image\">\n\t\t\t\t\t\t\t<img fetchpriority=\"high\" decoding=\"async\" width=\"400\" height=\"400\" src=\"https:\/\/www.boostetonimage.fr\/wp-content\/uploads\/2023\/06\/AvatarMaker-Geraldine-ap.png\" class=\"attachment-full size-full wp-image-485\" alt=\"\" srcset=\"https:\/\/www.boostetonimage.fr\/wp-content\/uploads\/2023\/06\/AvatarMaker-Geraldine-ap.png 400w, https:\/\/www.boostetonimage.fr\/wp-content\/uploads\/2023\/06\/AvatarMaker-Geraldine-ap-300x300.png 300w, https:\/\/www.boostetonimage.fr\/wp-content\/uploads\/2023\/06\/AvatarMaker-Geraldine-ap-150x150.png 150w, https:\/\/www.boostetonimage.fr\/wp-content\/uploads\/2023\/06\/AvatarMaker-Geraldine-ap-100x100.png 100w\" sizes=\"(max-width: 400px) 100vw, 400px\" \/>\t\t\t\t\t\t<\/div>\n\t\t\t\t\t\n\t\t\t\t\t\t\t\t\t\t<div class=\"elementor-testimonial-details\">\n\t\t\t\t\t\t\t\t\t\t\t\t\t\t<div class=\"elementor-testimonial-name\">G\u00e9raldine<\/div>\n\t\t\t\t\t\t\t\t\t\t\t\t\t\t\t\t\t\t\t<\/div>\n\t\t\t\t\t\t\t\t\t<\/div>\n\t\t\t<\/div>\n\t\t\t\t\t<\/div>\n\t\t\t\t\t\t<\/div>\n\t\t\t\t<\/div>\n\t\t\t\t\t<\/div>\n\t\t<\/div>\n\t\t\t\t\t<\/div>\n\t\t<\/section>\n\t\t\t\t<\/div>\n\t\t","protected":false},"excerpt":{"rendered":"<p>Une nouvelle posture professionnelle comme personnelle, en avant avec Booste ton image ! \u00a0-&gt;\u00a03 axes de travail : La Communication \/ Les Conseils en Image \/ La Posture Professionnelle\u00a0 \u00a0En quoi les conseils en image aident \u00e0 s&rsquo;affirmer ? En quoi les conseils en image permettent de mieux savoir communiquer ? En quoi les conseils [&hellip;]<\/p>\n","protected":false},"author":1,"featured_media":0,"parent":0,"menu_order":0,"comment_status":"closed","ping_status":"closed","template":"elementor_header_footer","meta":{"footnotes":""},"class_list":["post-193","page","type-page","status-publish","hentry"],"yoast_head":"<!-- This site is optimized with the Yoast SEO plugin v27.6 - https:\/\/yoast.com\/product\/yoast-seo-wordpress\/ -->\n<title>Bienvenue-sur-Motiv&#039;<\/title>\n<meta name=\"description\" content=\"Motiv&#039; est une soci\u00e9t\u00e9 sp\u00e9cialis\u00e9e en coaching de vie &amp; accompagnement de projets. Toutes personnes de 18 \u00e0 99 ans, peut solliciter Motiv&#039;.\" \/>\n<meta name=\"robots\" content=\"index, follow, max-snippet:-1, max-image-preview:large, max-video-preview:-1\" \/>\n<link rel=\"canonical\" href=\"https:\/\/www.boostetonimage.fr\/\" \/>\n<meta property=\"og:locale\" content=\"fr_FR\" \/>\n<meta property=\"og:type\" content=\"article\" \/>\n<meta property=\"og:title\" content=\"Bienvenue-sur-Motiv&#039;\" \/>\n<meta property=\"og:description\" content=\"Motiv&#039; est une soci\u00e9t\u00e9 sp\u00e9cialis\u00e9e en coaching de vie &amp; accompagnement de projets. Toutes personnes de 18 \u00e0 99 ans, peut solliciter Motiv&#039;.\" \/>\n<meta property=\"og:url\" content=\"https:\/\/www.boostetonimage.fr\/\" \/>\n<meta property=\"og:site_name\" content=\"Booste ton image\" \/>\n<meta property=\"article:modified_time\" content=\"2023-08-11T10:07:03+00:00\" \/>\n<meta property=\"og:image\" content=\"https:\/\/www.boostetonimage.fr\/wp-content\/uploads\/2023\/07\/Bannierelinkedin-boostetonimage.png\" \/>\n<meta name=\"twitter:card\" content=\"summary_large_image\" \/>\n<meta name=\"twitter:label1\" content=\"Dur\u00e9e de lecture estim\u00e9e\" \/>\n\t<meta name=\"twitter:data1\" content=\"2 minutes\" \/>\n<script type=\"application\/ld+json\" class=\"yoast-schema-graph\">{\"@context\":\"https:\\\/\\\/schema.org\",\"@graph\":[{\"@type\":\"WebPage\",\"@id\":\"https:\\\/\\\/www.boostetonimage.fr\\\/\",\"url\":\"https:\\\/\\\/www.boostetonimage.fr\\\/\",\"name\":\"Bienvenue-sur-Motiv'\",\"isPartOf\":{\"@id\":\"https:\\\/\\\/www.boostetonimage.fr\\\/#website\"},\"primaryImageOfPage\":{\"@id\":\"https:\\\/\\\/www.boostetonimage.fr\\\/#primaryimage\"},\"image\":{\"@id\":\"https:\\\/\\\/www.boostetonimage.fr\\\/#primaryimage\"},\"thumbnailUrl\":\"https:\\\/\\\/www.boostetonimage.fr\\\/wp-content\\\/uploads\\\/2023\\\/07\\\/Bannierelinkedin-boostetonimage.png\",\"datePublished\":\"2022-06-27T08:04:29+00:00\",\"dateModified\":\"2023-08-11T10:07:03+00:00\",\"description\":\"Motiv' est une soci\u00e9t\u00e9 sp\u00e9cialis\u00e9e en coaching de vie & accompagnement de projets. Toutes personnes de 18 \u00e0 99 ans, peut solliciter Motiv'.\",\"breadcrumb\":{\"@id\":\"https:\\\/\\\/www.boostetonimage.fr\\\/#breadcrumb\"},\"inLanguage\":\"fr-FR\",\"potentialAction\":[{\"@type\":\"ReadAction\",\"target\":[\"https:\\\/\\\/www.boostetonimage.fr\\\/\"]}]},{\"@type\":\"ImageObject\",\"inLanguage\":\"fr-FR\",\"@id\":\"https:\\\/\\\/www.boostetonimage.fr\\\/#primaryimage\",\"url\":\"https:\\\/\\\/www.boostetonimage.fr\\\/wp-content\\\/uploads\\\/2023\\\/07\\\/Bannierelinkedin-boostetonimage.png\",\"contentUrl\":\"https:\\\/\\\/www.boostetonimage.fr\\\/wp-content\\\/uploads\\\/2023\\\/07\\\/Bannierelinkedin-boostetonimage.png\",\"width\":1584,\"height\":396},{\"@type\":\"BreadcrumbList\",\"@id\":\"https:\\\/\\\/www.boostetonimage.fr\\\/#breadcrumb\",\"itemListElement\":[{\"@type\":\"ListItem\",\"position\":1,\"name\":\"Accueil\",\"item\":\"https:\\\/\\\/www.boostetonimage.fr\\\/\"},{\"@type\":\"ListItem\",\"position\":2,\"name\":\"Booste ton image, vous souhaite la bienvenue !!\"}]},{\"@type\":\"WebSite\",\"@id\":\"https:\\\/\\\/www.boostetonimage.fr\\\/#website\",\"url\":\"https:\\\/\\\/www.boostetonimage.fr\\\/\",\"name\":\"Booste ton image\",\"description\":\"Pour une nouvelle posture professionnelle comme personnelle, en avant avec Booste ton image !\",\"publisher\":{\"@id\":\"https:\\\/\\\/www.boostetonimage.fr\\\/#organization\"},\"potentialAction\":[{\"@type\":\"SearchAction\",\"target\":{\"@type\":\"EntryPoint\",\"urlTemplate\":\"https:\\\/\\\/www.boostetonimage.fr\\\/?s={search_term_string}\"},\"query-input\":{\"@type\":\"PropertyValueSpecification\",\"valueRequired\":true,\"valueName\":\"search_term_string\"}}],\"inLanguage\":\"fr-FR\"},{\"@type\":\"Organization\",\"@id\":\"https:\\\/\\\/www.boostetonimage.fr\\\/#organization\",\"name\":\"Booste ton image\",\"url\":\"https:\\\/\\\/www.boostetonimage.fr\\\/\",\"logo\":{\"@type\":\"ImageObject\",\"inLanguage\":\"fr-FR\",\"@id\":\"https:\\\/\\\/www.boostetonimage.fr\\\/#\\\/schema\\\/logo\\\/image\\\/\",\"url\":\"https:\\\/\\\/www.boostetonimage.fr\\\/wp-content\\\/uploads\\\/2023\\\/07\\\/cropped-logo-web-transparent.png\",\"contentUrl\":\"https:\\\/\\\/www.boostetonimage.fr\\\/wp-content\\\/uploads\\\/2023\\\/07\\\/cropped-logo-web-transparent.png\",\"width\":500,\"height\":251,\"caption\":\"Booste ton image\"},\"image\":{\"@id\":\"https:\\\/\\\/www.boostetonimage.fr\\\/#\\\/schema\\\/logo\\\/image\\\/\"},\"sameAs\":[\"https:\\\/\\\/www.instagram.com\\\/lm_motiv\\\/\"]}]}<\/script>\n<!-- \/ Yoast SEO plugin. -->","yoast_head_json":{"title":"Bienvenue-sur-Motiv'","description":"Motiv' est une soci\u00e9t\u00e9 sp\u00e9cialis\u00e9e en coaching de vie & accompagnement de projets. Toutes personnes de 18 \u00e0 99 ans, peut solliciter Motiv'.","robots":{"index":"index","follow":"follow","max-snippet":"max-snippet:-1","max-image-preview":"max-image-preview:large","max-video-preview":"max-video-preview:-1"},"canonical":"https:\/\/www.boostetonimage.fr\/","og_locale":"fr_FR","og_type":"article","og_title":"Bienvenue-sur-Motiv'","og_description":"Motiv' est une soci\u00e9t\u00e9 sp\u00e9cialis\u00e9e en coaching de vie & accompagnement de projets. Toutes personnes de 18 \u00e0 99 ans, peut solliciter Motiv'.","og_url":"https:\/\/www.boostetonimage.fr\/","og_site_name":"Booste ton image","article_modified_time":"2023-08-11T10:07:03+00:00","og_image":[{"url":"https:\/\/www.boostetonimage.fr\/wp-content\/uploads\/2023\/07\/Bannierelinkedin-boostetonimage.png","type":"","width":"","height":""}],"twitter_card":"summary_large_image","twitter_misc":{"Dur\u00e9e de lecture estim\u00e9e":"2 minutes"},"schema":{"@context":"https:\/\/schema.org","@graph":[{"@type":"WebPage","@id":"https:\/\/www.boostetonimage.fr\/","url":"https:\/\/www.boostetonimage.fr\/","name":"Bienvenue-sur-Motiv'","isPartOf":{"@id":"https:\/\/www.boostetonimage.fr\/#website"},"primaryImageOfPage":{"@id":"https:\/\/www.boostetonimage.fr\/#primaryimage"},"image":{"@id":"https:\/\/www.boostetonimage.fr\/#primaryimage"},"thumbnailUrl":"https:\/\/www.boostetonimage.fr\/wp-content\/uploads\/2023\/07\/Bannierelinkedin-boostetonimage.png","datePublished":"2022-06-27T08:04:29+00:00","dateModified":"2023-08-11T10:07:03+00:00","description":"Motiv' est une soci\u00e9t\u00e9 sp\u00e9cialis\u00e9e en coaching de vie & accompagnement de projets. Toutes personnes de 18 \u00e0 99 ans, peut solliciter Motiv'.","breadcrumb":{"@id":"https:\/\/www.boostetonimage.fr\/#breadcrumb"},"inLanguage":"fr-FR","potentialAction":[{"@type":"ReadAction","target":["https:\/\/www.boostetonimage.fr\/"]}]},{"@type":"ImageObject","inLanguage":"fr-FR","@id":"https:\/\/www.boostetonimage.fr\/#primaryimage","url":"https:\/\/www.boostetonimage.fr\/wp-content\/uploads\/2023\/07\/Bannierelinkedin-boostetonimage.png","contentUrl":"https:\/\/www.boostetonimage.fr\/wp-content\/uploads\/2023\/07\/Bannierelinkedin-boostetonimage.png","width":1584,"height":396},{"@type":"BreadcrumbList","@id":"https:\/\/www.boostetonimage.fr\/#breadcrumb","itemListElement":[{"@type":"ListItem","position":1,"name":"Accueil","item":"https:\/\/www.boostetonimage.fr\/"},{"@type":"ListItem","position":2,"name":"Booste ton image, vous souhaite la bienvenue !!"}]},{"@type":"WebSite","@id":"https:\/\/www.boostetonimage.fr\/#website","url":"https:\/\/www.boostetonimage.fr\/","name":"Booste ton image","description":"Pour une nouvelle posture professionnelle comme personnelle, en avant avec Booste ton image !","publisher":{"@id":"https:\/\/www.boostetonimage.fr\/#organization"},"potentialAction":[{"@type":"SearchAction","target":{"@type":"EntryPoint","urlTemplate":"https:\/\/www.boostetonimage.fr\/?s={search_term_string}"},"query-input":{"@type":"PropertyValueSpecification","valueRequired":true,"valueName":"search_term_string"}}],"inLanguage":"fr-FR"},{"@type":"Organization","@id":"https:\/\/www.boostetonimage.fr\/#organization","name":"Booste ton image","url":"https:\/\/www.boostetonimage.fr\/","logo":{"@type":"ImageObject","inLanguage":"fr-FR","@id":"https:\/\/www.boostetonimage.fr\/#\/schema\/logo\/image\/","url":"https:\/\/www.boostetonimage.fr\/wp-content\/uploads\/2023\/07\/cropped-logo-web-transparent.png","contentUrl":"https:\/\/www.boostetonimage.fr\/wp-content\/uploads\/2023\/07\/cropped-logo-web-transparent.png","width":500,"height":251,"caption":"Booste ton image"},"image":{"@id":"https:\/\/www.boostetonimage.fr\/#\/schema\/logo\/image\/"},"sameAs":["https:\/\/www.instagram.com\/lm_motiv\/"]}]}},"_links":{"self":[{"href":"https:\/\/www.boostetonimage.fr\/index.php\/wp-json\/wp\/v2\/pages\/193","targetHints":{"allow":["GET"]}}],"collection":[{"href":"https:\/\/www.boostetonimage.fr\/index.php\/wp-json\/wp\/v2\/pages"}],"about":[{"href":"https:\/\/www.boostetonimage.fr\/index.php\/wp-json\/wp\/v2\/types\/page"}],"author":[{"embeddable":true,"href":"https:\/\/www.boostetonimage.fr\/index.php\/wp-json\/wp\/v2\/users\/1"}],"replies":[{"embeddable":true,"href":"https:\/\/www.boostetonimage.fr\/index.php\/wp-json\/wp\/v2\/comments?post=193"}],"version-history":[{"count":116,"href":"https:\/\/www.boostetonimage.fr\/index.php\/wp-json\/wp\/v2\/pages\/193\/revisions"}],"predecessor-version":[{"id":649,"href":"https:\/\/www.boostetonimage.fr\/index.php\/wp-json\/wp\/v2\/pages\/193\/revisions\/649"}],"wp:attachment":[{"href":"https:\/\/www.boostetonimage.fr\/index.php\/wp-json\/wp\/v2\/media?parent=193"}],"curies":[{"name":"wp","href":"https:\/\/api.w.org\/{rel}","templated":true}]}}