{"id":171,"date":"2022-06-27T08:43:11","date_gmt":"2022-06-27T08:43:11","guid":{"rendered":"https:\/\/www.boostetonimage.fr\/?page_id=171"},"modified":"2023-07-18T08:25:32","modified_gmt":"2023-07-18T08:25:32","slug":"mentions-legales-230622","status":"publish","type":"page","link":"https:\/\/www.boostetonimage.fr\/index.php\/mentions-legales-230622\/","title":{"rendered":"Mentions L\u00e9gales"},"content":{"rendered":"\n<p><strong>SOCIETE Booste ton image<\/strong><br>91 rue Michel G\u00e9rard, 35200 Rennes<br>Tel : 07.68.10.21.95<br>R.C.S de Rennes : 914 439 534<\/p>\n\n\n\n<p><strong>H\u00c9BERGEMENT&nbsp;<\/strong><br>H\u00e9bergeur :&nbsp;monarobase<br>Soci\u00e9t\u00e9 :&nbsp;monarobase<br>Adresse web :&nbsp;<a rel=\"noreferrer noopener\" href=\"https:\/\/monarobase.net\/\" target=\"_blank\">https:\/\/monarobase.net\/<\/a><br>Adresse Postale :&nbsp;<\/p>\n\n\n\n<p>Monarobase, SARL au capital de 1500 euros &#8211; Siret : 500 518 543 00029<\/p>\n\n\n\n<p>3 Avenue Ren\u00e9 La\u00ebnnec<br>72000 Le Mans<\/p>\n\n\n\n<p>T\u00e9l. : 0033 (0)9 72 21 22 90<\/p>\n\n\n\n<p><br><strong>PUBLICATION<\/strong><br>Les \u00e9l\u00e9ments de ce site internet sont publi\u00e9s par Lucile Magand, dirigeante de la soci\u00e9t\u00e9 Booste ton image. Le pr\u00e9sent document a pour objet de d\u00e9finir les modalit\u00e9s et conditions dans lesquelles d\u2019une part, Booste ton image ci-apr\u00e8s d\u00e9nomm\u00e9 l\u2019EDITEUR, met \u00e0 la disposition de ses utilisateurs le site, et les services disponibles sur le site et d\u2019autre part, la mani\u00e8re par laquelle l\u2019utilisateur acc\u00e8de au site et utilise ses services. Toute connexion au site est subordonn\u00e9e au respect des pr\u00e9sentes conditions. Pour l\u2019utilisateur, le simple acc\u00e8s au site de l\u2019EDITEUR \u00e0 l\u2019adresse URL suivante www.boostetonimage.fr implique l\u2019acceptation de l\u2019ensemble des conditions d\u00e9crites dans les politiques de confidentialit\u00e9 et des conditions g\u00e9n\u00e9rales de prestations de services, en lien en bas de page du site.<\/p>\n","protected":false},"excerpt":{"rendered":"<p>SOCIETE Booste ton image91 rue Michel G\u00e9rard, 35200 RennesTel : 07.68.10.21.95R.C.S de Rennes : 914 439 534 H\u00c9BERGEMENT&nbsp;H\u00e9bergeur :&nbsp;monarobaseSoci\u00e9t\u00e9 :&nbsp;monarobaseAdresse web :&nbsp;https:\/\/monarobase.net\/Adresse Postale :&nbsp; Monarobase, SARL au capital de 1500 euros &#8211; Siret : 500 518 543 00029 3 Avenue Ren\u00e9 La\u00ebnnec72000 Le Mans T\u00e9l. : 0033 (0)9 72 21 22 90 PUBLICATIONLes \u00e9l\u00e9ments de [&hellip;]<\/p>\n","protected":false},"author":1,"featured_media":0,"parent":0,"menu_order":0,"comment_status":"closed","ping_status":"closed","template":"templates\/page-builder-template.php","meta":{"footnotes":""},"class_list":["post-171","page","type-page","status-publish","hentry"],"yoast_head":"<!-- This site is optimized with the Yoast SEO plugin v27.6 - https:\/\/yoast.com\/product\/yoast-seo-wordpress\/ -->\n<title>Mentions-l\u00e9gales-de-Motiv&#039;<\/title>\n<meta name=\"robots\" content=\"index, follow, max-snippet:-1, max-image-preview:large, max-video-preview:-1\" \/>\n<link rel=\"canonical\" href=\"https:\/\/www.boostetonimage.fr\/index.php\/mentions-legales-230622\/\" \/>\n<meta property=\"og:locale\" content=\"fr_FR\" \/>\n<meta property=\"og:type\" content=\"article\" \/>\n<meta property=\"og:title\" content=\"Mentions-l\u00e9gales-de-Motiv&#039;\" \/>\n<meta property=\"og:description\" content=\"SOCIETE Booste ton image91 rue Michel G\u00e9rard, 35200 RennesTel : 07.68.10.21.95R.C.S de Rennes : 914 439 534 H\u00c9BERGEMENT&nbsp;H\u00e9bergeur :&nbsp;monarobaseSoci\u00e9t\u00e9 :&nbsp;monarobaseAdresse web :&nbsp;https:\/\/monarobase.net\/Adresse Postale :&nbsp; Monarobase, SARL au capital de 1500 euros &#8211; Siret : 500 518 543 00029 3 Avenue Ren\u00e9 La\u00ebnnec72000 Le Mans T\u00e9l. : 0033 (0)9 72 21 22 90 PUBLICATIONLes \u00e9l\u00e9ments de [&hellip;]\" \/>\n<meta property=\"og:url\" content=\"https:\/\/www.boostetonimage.fr\/index.php\/mentions-legales-230622\/\" \/>\n<meta property=\"og:site_name\" content=\"Booste ton image\" \/>\n<meta property=\"article:modified_time\" content=\"2023-07-18T08:25:32+00:00\" \/>\n<meta name=\"twitter:card\" content=\"summary_large_image\" \/>\n<meta name=\"twitter:label1\" content=\"Dur\u00e9e de lecture estim\u00e9e\" \/>\n\t<meta name=\"twitter:data1\" content=\"1 minute\" \/>\n<script type=\"application\/ld+json\" class=\"yoast-schema-graph\">{\"@context\":\"https:\\\/\\\/schema.org\",\"@graph\":[{\"@type\":\"WebPage\",\"@id\":\"https:\\\/\\\/www.boostetonimage.fr\\\/index.php\\\/mentions-legales-230622\\\/\",\"url\":\"https:\\\/\\\/www.boostetonimage.fr\\\/index.php\\\/mentions-legales-230622\\\/\",\"name\":\"Mentions-l\u00e9gales-de-Motiv'\",\"isPartOf\":{\"@id\":\"https:\\\/\\\/www.boostetonimage.fr\\\/#website\"},\"datePublished\":\"2022-06-27T08:43:11+00:00\",\"dateModified\":\"2023-07-18T08:25:32+00:00\",\"breadcrumb\":{\"@id\":\"https:\\\/\\\/www.boostetonimage.fr\\\/index.php\\\/mentions-legales-230622\\\/#breadcrumb\"},\"inLanguage\":\"fr-FR\",\"potentialAction\":[{\"@type\":\"ReadAction\",\"target\":[\"https:\\\/\\\/www.boostetonimage.fr\\\/index.php\\\/mentions-legales-230622\\\/\"]}]},{\"@type\":\"BreadcrumbList\",\"@id\":\"https:\\\/\\\/www.boostetonimage.fr\\\/index.php\\\/mentions-legales-230622\\\/#breadcrumb\",\"itemListElement\":[{\"@type\":\"ListItem\",\"position\":1,\"name\":\"Accueil\",\"item\":\"https:\\\/\\\/www.boostetonimage.fr\\\/\"},{\"@type\":\"ListItem\",\"position\":2,\"name\":\"Mentions L\u00e9gales\"}]},{\"@type\":\"WebSite\",\"@id\":\"https:\\\/\\\/www.boostetonimage.fr\\\/#website\",\"url\":\"https:\\\/\\\/www.boostetonimage.fr\\\/\",\"name\":\"Booste ton image\",\"description\":\"Pour une nouvelle posture professionnelle comme personnelle, en avant avec Booste ton image !\",\"publisher\":{\"@id\":\"https:\\\/\\\/www.boostetonimage.fr\\\/#organization\"},\"potentialAction\":[{\"@type\":\"SearchAction\",\"target\":{\"@type\":\"EntryPoint\",\"urlTemplate\":\"https:\\\/\\\/www.boostetonimage.fr\\\/?s={search_term_string}\"},\"query-input\":{\"@type\":\"PropertyValueSpecification\",\"valueRequired\":true,\"valueName\":\"search_term_string\"}}],\"inLanguage\":\"fr-FR\"},{\"@type\":\"Organization\",\"@id\":\"https:\\\/\\\/www.boostetonimage.fr\\\/#organization\",\"name\":\"Booste ton image\",\"url\":\"https:\\\/\\\/www.boostetonimage.fr\\\/\",\"logo\":{\"@type\":\"ImageObject\",\"inLanguage\":\"fr-FR\",\"@id\":\"https:\\\/\\\/www.boostetonimage.fr\\\/#\\\/schema\\\/logo\\\/image\\\/\",\"url\":\"https:\\\/\\\/www.boostetonimage.fr\\\/wp-content\\\/uploads\\\/2023\\\/07\\\/cropped-logo-web-transparent.png\",\"contentUrl\":\"https:\\\/\\\/www.boostetonimage.fr\\\/wp-content\\\/uploads\\\/2023\\\/07\\\/cropped-logo-web-transparent.png\",\"width\":500,\"height\":251,\"caption\":\"Booste ton image\"},\"image\":{\"@id\":\"https:\\\/\\\/www.boostetonimage.fr\\\/#\\\/schema\\\/logo\\\/image\\\/\"},\"sameAs\":[\"https:\\\/\\\/www.instagram.com\\\/lm_motiv\\\/\"]}]}<\/script>\n<!-- \/ Yoast SEO plugin. -->","yoast_head_json":{"title":"Mentions-l\u00e9gales-de-Motiv'","robots":{"index":"index","follow":"follow","max-snippet":"max-snippet:-1","max-image-preview":"max-image-preview:large","max-video-preview":"max-video-preview:-1"},"canonical":"https:\/\/www.boostetonimage.fr\/index.php\/mentions-legales-230622\/","og_locale":"fr_FR","og_type":"article","og_title":"Mentions-l\u00e9gales-de-Motiv'","og_description":"SOCIETE Booste ton image91 rue Michel G\u00e9rard, 35200 RennesTel : 07.68.10.21.95R.C.S de Rennes : 914 439 534 H\u00c9BERGEMENT&nbsp;H\u00e9bergeur :&nbsp;monarobaseSoci\u00e9t\u00e9 :&nbsp;monarobaseAdresse web :&nbsp;https:\/\/monarobase.net\/Adresse Postale :&nbsp; Monarobase, SARL au capital de 1500 euros &#8211; Siret : 500 518 543 00029 3 Avenue Ren\u00e9 La\u00ebnnec72000 Le Mans T\u00e9l. : 0033 (0)9 72 21 22 90 PUBLICATIONLes \u00e9l\u00e9ments de [&hellip;]","og_url":"https:\/\/www.boostetonimage.fr\/index.php\/mentions-legales-230622\/","og_site_name":"Booste ton image","article_modified_time":"2023-07-18T08:25:32+00:00","twitter_card":"summary_large_image","twitter_misc":{"Dur\u00e9e de lecture estim\u00e9e":"1 minute"},"schema":{"@context":"https:\/\/schema.org","@graph":[{"@type":"WebPage","@id":"https:\/\/www.boostetonimage.fr\/index.php\/mentions-legales-230622\/","url":"https:\/\/www.boostetonimage.fr\/index.php\/mentions-legales-230622\/","name":"Mentions-l\u00e9gales-de-Motiv'","isPartOf":{"@id":"https:\/\/www.boostetonimage.fr\/#website"},"datePublished":"2022-06-27T08:43:11+00:00","dateModified":"2023-07-18T08:25:32+00:00","breadcrumb":{"@id":"https:\/\/www.boostetonimage.fr\/index.php\/mentions-legales-230622\/#breadcrumb"},"inLanguage":"fr-FR","potentialAction":[{"@type":"ReadAction","target":["https:\/\/www.boostetonimage.fr\/index.php\/mentions-legales-230622\/"]}]},{"@type":"BreadcrumbList","@id":"https:\/\/www.boostetonimage.fr\/index.php\/mentions-legales-230622\/#breadcrumb","itemListElement":[{"@type":"ListItem","position":1,"name":"Accueil","item":"https:\/\/www.boostetonimage.fr\/"},{"@type":"ListItem","position":2,"name":"Mentions L\u00e9gales"}]},{"@type":"WebSite","@id":"https:\/\/www.boostetonimage.fr\/#website","url":"https:\/\/www.boostetonimage.fr\/","name":"Booste ton image","description":"Pour une nouvelle posture professionnelle comme personnelle, en avant avec Booste ton image !","publisher":{"@id":"https:\/\/www.boostetonimage.fr\/#organization"},"potentialAction":[{"@type":"SearchAction","target":{"@type":"EntryPoint","urlTemplate":"https:\/\/www.boostetonimage.fr\/?s={search_term_string}"},"query-input":{"@type":"PropertyValueSpecification","valueRequired":true,"valueName":"search_term_string"}}],"inLanguage":"fr-FR"},{"@type":"Organization","@id":"https:\/\/www.boostetonimage.fr\/#organization","name":"Booste ton image","url":"https:\/\/www.boostetonimage.fr\/","logo":{"@type":"ImageObject","inLanguage":"fr-FR","@id":"https:\/\/www.boostetonimage.fr\/#\/schema\/logo\/image\/","url":"https:\/\/www.boostetonimage.fr\/wp-content\/uploads\/2023\/07\/cropped-logo-web-transparent.png","contentUrl":"https:\/\/www.boostetonimage.fr\/wp-content\/uploads\/2023\/07\/cropped-logo-web-transparent.png","width":500,"height":251,"caption":"Booste ton image"},"image":{"@id":"https:\/\/www.boostetonimage.fr\/#\/schema\/logo\/image\/"},"sameAs":["https:\/\/www.instagram.com\/lm_motiv\/"]}]}},"_links":{"self":[{"href":"https:\/\/www.boostetonimage.fr\/index.php\/wp-json\/wp\/v2\/pages\/171","targetHints":{"allow":["GET"]}}],"collection":[{"href":"https:\/\/www.boostetonimage.fr\/index.php\/wp-json\/wp\/v2\/pages"}],"about":[{"href":"https:\/\/www.boostetonimage.fr\/index.php\/wp-json\/wp\/v2\/types\/page"}],"author":[{"embeddable":true,"href":"https:\/\/www.boostetonimage.fr\/index.php\/wp-json\/wp\/v2\/users\/1"}],"replies":[{"embeddable":true,"href":"https:\/\/www.boostetonimage.fr\/index.php\/wp-json\/wp\/v2\/comments?post=171"}],"version-history":[{"count":8,"href":"https:\/\/www.boostetonimage.fr\/index.php\/wp-json\/wp\/v2\/pages\/171\/revisions"}],"predecessor-version":[{"id":562,"href":"https:\/\/www.boostetonimage.fr\/index.php\/wp-json\/wp\/v2\/pages\/171\/revisions\/562"}],"wp:attachment":[{"href":"https:\/\/www.boostetonimage.fr\/index.php\/wp-json\/wp\/v2\/media?parent=171"}],"curies":[{"name":"wp","href":"https:\/\/api.w.org\/{rel}","templated":true}]}}