{"id":13,"date":"2022-06-21T14:13:03","date_gmt":"2022-06-21T14:13:03","guid":{"rendered":"https:\/\/www.boostetonimage.fr\/?page_id=13"},"modified":"2023-07-21T09:59:36","modified_gmt":"2023-07-21T09:59:36","slug":"services","status":"publish","type":"page","link":"https:\/\/www.boostetonimage.fr\/index.php\/services\/","title":{"rendered":"Tarifs de booste ton image :"},"content":{"rendered":"\n<figure class=\"wp-block-image aligncenter size-large\"><img fetchpriority=\"high\" decoding=\"async\" width=\"724\" height=\"1024\" src=\"https:\/\/www.boostetonimage.fr\/wp-content\/uploads\/2023\/07\/Fashion-Photo-Flyer-offreboostetonimage-724x1024.png\" alt=\"\" class=\"wp-image-608\" srcset=\"https:\/\/www.boostetonimage.fr\/wp-content\/uploads\/2023\/07\/Fashion-Photo-Flyer-offreboostetonimage-724x1024.png 724w, https:\/\/www.boostetonimage.fr\/wp-content\/uploads\/2023\/07\/Fashion-Photo-Flyer-offreboostetonimage-212x300.png 212w, https:\/\/www.boostetonimage.fr\/wp-content\/uploads\/2023\/07\/Fashion-Photo-Flyer-offreboostetonimage-768x1086.png 768w, https:\/\/www.boostetonimage.fr\/wp-content\/uploads\/2023\/07\/Fashion-Photo-Flyer-offreboostetonimage-1086x1536.png 1086w, https:\/\/www.boostetonimage.fr\/wp-content\/uploads\/2023\/07\/Fashion-Photo-Flyer-offreboostetonimage.png 1414w\" sizes=\"(max-width: 724px) 100vw, 724px\" \/><\/figure>\n\n\n\n<div style=\"height:100px\" aria-hidden=\"true\" class=\"wp-block-spacer\"><\/div>\n\n\n\n<h2 class=\"wp-block-heading\">Tarification<\/h2>\n\n\n\n<p>\u00c1 noter que : <\/p>\n\n\n\n<ul class=\"wp-block-list\">\n<li>Cette tarification affich\u00e9e, ci-dessus, est pour une formule compl\u00e8te \u00e0 mon \u00e9tude : booste ton image ainsi que pour un d\u00e9placement v\u00e9lo pour me rendre sur votre lieu, dans le p\u00e9rim\u00e8tre \u00e9tabli, dans ma zone d&rsquo;intervention. (cf. <a href=\"https:\/\/www.boostetonimage.fr\/index.php\/ou-jinterviens\/\">o\u00f9 j&rsquo;interviens<\/a>). Les modules dans la formule se modulent en fonction de l&rsquo;entretien d\u00e9couverte.<\/li>\n\n\n\n<li>Pour qu&rsquo;une prestation de conseils en image soit efficiente et compl\u00e8te, il est conseill\u00e9 de pr\u00e9voir 3 ou 4 s\u00e9ances selon votre objectif d\u00e9fini, en entretien d\u00e9couverte.<\/li>\n\n\n\n<li>Diff\u00e9rents outils sont mobilis\u00e9s par s\u00e9ance comme : draping, colorim\u00e9trie, apprentissage de sa morphologie, d\u00e9couverte de son style vestimentaire, d\u00e9couverte du visagisme en lien avec la coiffure, d\u00e9couverte de la forme de lunettes appropri\u00e9e \u00e0 son visage, initiation \u00e0 l&rsquo;auto-maquillage, accompagnement shopping-vide dressing&#8230;<\/li>\n<\/ul>\n\n\n\n<div style=\"height:100px\" aria-hidden=\"true\" class=\"wp-block-spacer\"><\/div>\n\n\n\n<div class=\"wp-block-columns alignwide is-layout-flex wp-container-core-columns-is-layout-28f84493 wp-block-columns-is-layout-flex\">\n<div class=\"wp-block-column has-text-color has-background has-link-color wp-elements-6b4dfb1c51f2f41ecfe8fdc8ea028ab8 is-layout-flow wp-block-column-is-layout-flow\" style=\"color:#000000;background-color:#7eefbe;padding-top:2em;padding-right:2em;padding-bottom:2em;padding-left:2em\">\n<h2 class=\"wp-block-heading\" id=\"single\" style=\"font-size:clamp(24.034px, 1.502rem + ((1vw - 3.2px) * 1.814), 40px);\">Professionnels <\/h2>\n\n\n\n<p class=\"has-normal-font-size\" style=\"line-height:1.5\">Pour une prestation en groupe comme individuelle. Devis personnalis\u00e9 sur demande.<\/p>\n\n\n\n<hr class=\"wp-block-separator has-text-color has-css-opacity has-background is-style-wide\" style=\"background-color:#000000;color:#000000\"\/>\n\n\n\n<ul class=\"has-normal-font-size wp-block-list\">\n<li>S\u00e9ance par demi-journ\u00e9e ou journ\u00e9e.s sur votre lieu.<\/li>\n\n\n\n<li>Devis et tarification personnalis\u00e9s.<\/li>\n<\/ul>\n\n\n\n<div class=\"wp-block-buttons is-content-justification-center is-layout-flex wp-container-core-buttons-is-layout-a89b3969 wp-block-buttons-is-layout-flex\">\n<div class=\"wp-block-button has-custom-width wp-block-button__width-75 is-style-fill\"><a class=\"wp-block-button__link has-white-color has-text-color has-background no-border-radius wp-element-button\" href=\"https:\/\/www.boostetonimage.fr\/?page_id=16&amp;preview=true\" style=\"background-color:#000000\" target=\"_blank\" rel=\"noreferrer noopener\">contactez-moi<\/a><\/div>\n<\/div>\n<\/div>\n<\/div>\n\n\n\n<div style=\"height:100px\" aria-hidden=\"true\" class=\"wp-block-spacer\"><\/div>\n\n\n\n<p>Tout d\u00e9placement en voiture ajoute des frais suppl\u00e9mentaires (1\u20ac du km parcouru), \u00e0 cette tarification et sera impact\u00e9 dans le devis. <\/p>\n\n\n\n<p>Tout d\u00e9placement <a rel=\"noreferrer noopener\" href=\"https:\/\/www.boostetonimage.fr\/?page_id=97&amp;preview=true\" target=\"_blank\">hors zone d&rsquo;intervention<\/a>, en France comme \u00e0 l&rsquo;international, ajoute des frais suppl\u00e9mentaires dans le devis fix\u00e9. <\/p>\n\n\n\n<p>Pour l&rsquo;instant, le paiement se r\u00e8gle par virement, ch\u00e8que ou esp\u00e8ces.<\/p>\n","protected":false},"excerpt":{"rendered":"<p>Tarification \u00c1 noter que : Professionnels Pour une prestation en groupe comme individuelle. Devis personnalis\u00e9 sur demande. Tout d\u00e9placement en voiture ajoute des frais suppl\u00e9mentaires (1\u20ac du km parcouru), \u00e0 cette tarification et sera impact\u00e9 dans le devis. Tout d\u00e9placement hors zone d&rsquo;intervention, en France comme \u00e0 l&rsquo;international, ajoute des frais suppl\u00e9mentaires dans le devis [&hellip;]<\/p>\n","protected":false},"author":1,"featured_media":0,"parent":0,"menu_order":0,"comment_status":"closed","ping_status":"closed","template":"templates\/page-builder-template.php","meta":{"footnotes":""},"class_list":["post-13","page","type-page","status-publish","hentry"],"yoast_head":"<!-- This site is optimized with the Yoast SEO plugin v27.6 - https:\/\/yoast.com\/product\/yoast-seo-wordpress\/ -->\n<title>Motiv&#039;-et-ses-tarifs<\/title>\n<meta name=\"robots\" content=\"index, follow, max-snippet:-1, max-image-preview:large, max-video-preview:-1\" \/>\n<link rel=\"canonical\" href=\"https:\/\/www.boostetonimage.fr\/index.php\/services\/\" \/>\n<meta property=\"og:locale\" content=\"fr_FR\" \/>\n<meta property=\"og:type\" content=\"article\" \/>\n<meta property=\"og:title\" content=\"Motiv&#039;-et-ses-tarifs\" \/>\n<meta property=\"og:description\" content=\"Tarification \u00c1 noter que : Professionnels Pour une prestation en groupe comme individuelle. Devis personnalis\u00e9 sur demande. Tout d\u00e9placement en voiture ajoute des frais suppl\u00e9mentaires (1\u20ac du km parcouru), \u00e0 cette tarification et sera impact\u00e9 dans le devis. Tout d\u00e9placement hors zone d&rsquo;intervention, en France comme \u00e0 l&rsquo;international, ajoute des frais suppl\u00e9mentaires dans le devis [&hellip;]\" \/>\n<meta property=\"og:url\" content=\"https:\/\/www.boostetonimage.fr\/index.php\/services\/\" \/>\n<meta property=\"og:site_name\" content=\"Booste ton image\" \/>\n<meta property=\"article:modified_time\" content=\"2023-07-21T09:59:36+00:00\" \/>\n<meta property=\"og:image\" content=\"https:\/\/www.boostetonimage.fr\/wp-content\/uploads\/2023\/07\/Fashion-Photo-Flyer-offreboostetonimage-724x1024.png\" \/>\n<meta name=\"twitter:card\" content=\"summary_large_image\" \/>\n<meta name=\"twitter:label1\" content=\"Dur\u00e9e de lecture estim\u00e9e\" \/>\n\t<meta name=\"twitter:data1\" content=\"2 minutes\" \/>\n<script type=\"application\/ld+json\" class=\"yoast-schema-graph\">{\"@context\":\"https:\\\/\\\/schema.org\",\"@graph\":[{\"@type\":\"WebPage\",\"@id\":\"https:\\\/\\\/www.boostetonimage.fr\\\/index.php\\\/services\\\/\",\"url\":\"https:\\\/\\\/www.boostetonimage.fr\\\/index.php\\\/services\\\/\",\"name\":\"Motiv'-et-ses-tarifs\",\"isPartOf\":{\"@id\":\"https:\\\/\\\/www.boostetonimage.fr\\\/#website\"},\"primaryImageOfPage\":{\"@id\":\"https:\\\/\\\/www.boostetonimage.fr\\\/index.php\\\/services\\\/#primaryimage\"},\"image\":{\"@id\":\"https:\\\/\\\/www.boostetonimage.fr\\\/index.php\\\/services\\\/#primaryimage\"},\"thumbnailUrl\":\"https:\\\/\\\/www.boostetonimage.fr\\\/wp-content\\\/uploads\\\/2023\\\/07\\\/Fashion-Photo-Flyer-offreboostetonimage-724x1024.png\",\"datePublished\":\"2022-06-21T14:13:03+00:00\",\"dateModified\":\"2023-07-21T09:59:36+00:00\",\"breadcrumb\":{\"@id\":\"https:\\\/\\\/www.boostetonimage.fr\\\/index.php\\\/services\\\/#breadcrumb\"},\"inLanguage\":\"fr-FR\",\"potentialAction\":[{\"@type\":\"ReadAction\",\"target\":[\"https:\\\/\\\/www.boostetonimage.fr\\\/index.php\\\/services\\\/\"]}]},{\"@type\":\"ImageObject\",\"inLanguage\":\"fr-FR\",\"@id\":\"https:\\\/\\\/www.boostetonimage.fr\\\/index.php\\\/services\\\/#primaryimage\",\"url\":\"https:\\\/\\\/www.boostetonimage.fr\\\/wp-content\\\/uploads\\\/2023\\\/07\\\/Fashion-Photo-Flyer-offreboostetonimage.png\",\"contentUrl\":\"https:\\\/\\\/www.boostetonimage.fr\\\/wp-content\\\/uploads\\\/2023\\\/07\\\/Fashion-Photo-Flyer-offreboostetonimage.png\",\"width\":1414,\"height\":2000},{\"@type\":\"BreadcrumbList\",\"@id\":\"https:\\\/\\\/www.boostetonimage.fr\\\/index.php\\\/services\\\/#breadcrumb\",\"itemListElement\":[{\"@type\":\"ListItem\",\"position\":1,\"name\":\"Accueil\",\"item\":\"https:\\\/\\\/www.boostetonimage.fr\\\/\"},{\"@type\":\"ListItem\",\"position\":2,\"name\":\"Tarifs de booste ton image :\"}]},{\"@type\":\"WebSite\",\"@id\":\"https:\\\/\\\/www.boostetonimage.fr\\\/#website\",\"url\":\"https:\\\/\\\/www.boostetonimage.fr\\\/\",\"name\":\"Booste ton image\",\"description\":\"Pour une nouvelle posture professionnelle comme personnelle, en avant avec Booste ton image !\",\"publisher\":{\"@id\":\"https:\\\/\\\/www.boostetonimage.fr\\\/#organization\"},\"potentialAction\":[{\"@type\":\"SearchAction\",\"target\":{\"@type\":\"EntryPoint\",\"urlTemplate\":\"https:\\\/\\\/www.boostetonimage.fr\\\/?s={search_term_string}\"},\"query-input\":{\"@type\":\"PropertyValueSpecification\",\"valueRequired\":true,\"valueName\":\"search_term_string\"}}],\"inLanguage\":\"fr-FR\"},{\"@type\":\"Organization\",\"@id\":\"https:\\\/\\\/www.boostetonimage.fr\\\/#organization\",\"name\":\"Booste ton image\",\"url\":\"https:\\\/\\\/www.boostetonimage.fr\\\/\",\"logo\":{\"@type\":\"ImageObject\",\"inLanguage\":\"fr-FR\",\"@id\":\"https:\\\/\\\/www.boostetonimage.fr\\\/#\\\/schema\\\/logo\\\/image\\\/\",\"url\":\"https:\\\/\\\/www.boostetonimage.fr\\\/wp-content\\\/uploads\\\/2023\\\/07\\\/cropped-logo-web-transparent.png\",\"contentUrl\":\"https:\\\/\\\/www.boostetonimage.fr\\\/wp-content\\\/uploads\\\/2023\\\/07\\\/cropped-logo-web-transparent.png\",\"width\":500,\"height\":251,\"caption\":\"Booste ton image\"},\"image\":{\"@id\":\"https:\\\/\\\/www.boostetonimage.fr\\\/#\\\/schema\\\/logo\\\/image\\\/\"},\"sameAs\":[\"https:\\\/\\\/www.instagram.com\\\/lm_motiv\\\/\"]}]}<\/script>\n<!-- \/ Yoast SEO plugin. -->","yoast_head_json":{"title":"Motiv'-et-ses-tarifs","robots":{"index":"index","follow":"follow","max-snippet":"max-snippet:-1","max-image-preview":"max-image-preview:large","max-video-preview":"max-video-preview:-1"},"canonical":"https:\/\/www.boostetonimage.fr\/index.php\/services\/","og_locale":"fr_FR","og_type":"article","og_title":"Motiv'-et-ses-tarifs","og_description":"Tarification \u00c1 noter que : Professionnels Pour une prestation en groupe comme individuelle. Devis personnalis\u00e9 sur demande. Tout d\u00e9placement en voiture ajoute des frais suppl\u00e9mentaires (1\u20ac du km parcouru), \u00e0 cette tarification et sera impact\u00e9 dans le devis. Tout d\u00e9placement hors zone d&rsquo;intervention, en France comme \u00e0 l&rsquo;international, ajoute des frais suppl\u00e9mentaires dans le devis [&hellip;]","og_url":"https:\/\/www.boostetonimage.fr\/index.php\/services\/","og_site_name":"Booste ton image","article_modified_time":"2023-07-21T09:59:36+00:00","og_image":[{"url":"https:\/\/www.boostetonimage.fr\/wp-content\/uploads\/2023\/07\/Fashion-Photo-Flyer-offreboostetonimage-724x1024.png","type":"","width":"","height":""}],"twitter_card":"summary_large_image","twitter_misc":{"Dur\u00e9e de lecture estim\u00e9e":"2 minutes"},"schema":{"@context":"https:\/\/schema.org","@graph":[{"@type":"WebPage","@id":"https:\/\/www.boostetonimage.fr\/index.php\/services\/","url":"https:\/\/www.boostetonimage.fr\/index.php\/services\/","name":"Motiv'-et-ses-tarifs","isPartOf":{"@id":"https:\/\/www.boostetonimage.fr\/#website"},"primaryImageOfPage":{"@id":"https:\/\/www.boostetonimage.fr\/index.php\/services\/#primaryimage"},"image":{"@id":"https:\/\/www.boostetonimage.fr\/index.php\/services\/#primaryimage"},"thumbnailUrl":"https:\/\/www.boostetonimage.fr\/wp-content\/uploads\/2023\/07\/Fashion-Photo-Flyer-offreboostetonimage-724x1024.png","datePublished":"2022-06-21T14:13:03+00:00","dateModified":"2023-07-21T09:59:36+00:00","breadcrumb":{"@id":"https:\/\/www.boostetonimage.fr\/index.php\/services\/#breadcrumb"},"inLanguage":"fr-FR","potentialAction":[{"@type":"ReadAction","target":["https:\/\/www.boostetonimage.fr\/index.php\/services\/"]}]},{"@type":"ImageObject","inLanguage":"fr-FR","@id":"https:\/\/www.boostetonimage.fr\/index.php\/services\/#primaryimage","url":"https:\/\/www.boostetonimage.fr\/wp-content\/uploads\/2023\/07\/Fashion-Photo-Flyer-offreboostetonimage.png","contentUrl":"https:\/\/www.boostetonimage.fr\/wp-content\/uploads\/2023\/07\/Fashion-Photo-Flyer-offreboostetonimage.png","width":1414,"height":2000},{"@type":"BreadcrumbList","@id":"https:\/\/www.boostetonimage.fr\/index.php\/services\/#breadcrumb","itemListElement":[{"@type":"ListItem","position":1,"name":"Accueil","item":"https:\/\/www.boostetonimage.fr\/"},{"@type":"ListItem","position":2,"name":"Tarifs de booste ton image :"}]},{"@type":"WebSite","@id":"https:\/\/www.boostetonimage.fr\/#website","url":"https:\/\/www.boostetonimage.fr\/","name":"Booste ton image","description":"Pour une nouvelle posture professionnelle comme personnelle, en avant avec Booste ton image !","publisher":{"@id":"https:\/\/www.boostetonimage.fr\/#organization"},"potentialAction":[{"@type":"SearchAction","target":{"@type":"EntryPoint","urlTemplate":"https:\/\/www.boostetonimage.fr\/?s={search_term_string}"},"query-input":{"@type":"PropertyValueSpecification","valueRequired":true,"valueName":"search_term_string"}}],"inLanguage":"fr-FR"},{"@type":"Organization","@id":"https:\/\/www.boostetonimage.fr\/#organization","name":"Booste ton image","url":"https:\/\/www.boostetonimage.fr\/","logo":{"@type":"ImageObject","inLanguage":"fr-FR","@id":"https:\/\/www.boostetonimage.fr\/#\/schema\/logo\/image\/","url":"https:\/\/www.boostetonimage.fr\/wp-content\/uploads\/2023\/07\/cropped-logo-web-transparent.png","contentUrl":"https:\/\/www.boostetonimage.fr\/wp-content\/uploads\/2023\/07\/cropped-logo-web-transparent.png","width":500,"height":251,"caption":"Booste ton image"},"image":{"@id":"https:\/\/www.boostetonimage.fr\/#\/schema\/logo\/image\/"},"sameAs":["https:\/\/www.instagram.com\/lm_motiv\/"]}]}},"_links":{"self":[{"href":"https:\/\/www.boostetonimage.fr\/index.php\/wp-json\/wp\/v2\/pages\/13","targetHints":{"allow":["GET"]}}],"collection":[{"href":"https:\/\/www.boostetonimage.fr\/index.php\/wp-json\/wp\/v2\/pages"}],"about":[{"href":"https:\/\/www.boostetonimage.fr\/index.php\/wp-json\/wp\/v2\/types\/page"}],"author":[{"embeddable":true,"href":"https:\/\/www.boostetonimage.fr\/index.php\/wp-json\/wp\/v2\/users\/1"}],"replies":[{"embeddable":true,"href":"https:\/\/www.boostetonimage.fr\/index.php\/wp-json\/wp\/v2\/comments?post=13"}],"version-history":[{"count":41,"href":"https:\/\/www.boostetonimage.fr\/index.php\/wp-json\/wp\/v2\/pages\/13\/revisions"}],"predecessor-version":[{"id":617,"href":"https:\/\/www.boostetonimage.fr\/index.php\/wp-json\/wp\/v2\/pages\/13\/revisions\/617"}],"wp:attachment":[{"href":"https:\/\/www.boostetonimage.fr\/index.php\/wp-json\/wp\/v2\/media?parent=13"}],"curies":[{"name":"wp","href":"https:\/\/api.w.org\/{rel}","templated":true}]}}