{"id":110,"date":"2022-06-27T08:43:11","date_gmt":"2022-06-27T08:43:11","guid":{"rendered":"https:\/\/www.boostetonimage.fr\/?page_id=110"},"modified":"2023-12-19T13:56:28","modified_gmt":"2023-12-19T13:56:28","slug":"motiv-et-ses-services","status":"publish","type":"page","link":"https:\/\/www.boostetonimage.fr\/index.php\/motiv-et-ses-services\/","title":{"rendered":"Booste ton image &#038; ses planches de styles !"},"content":{"rendered":"\n<figure class=\"wp-block-image size-large is-resized\"><img fetchpriority=\"high\" decoding=\"async\" width=\"1024\" height=\"576\" src=\"https:\/\/www.boostetonimage.fr\/wp-content\/uploads\/2023\/07\/toursursoifemme-1024x576.gif\" alt=\"\" class=\"wp-image-636\" style=\"width:118px;height:66px\" srcset=\"https:\/\/www.boostetonimage.fr\/wp-content\/uploads\/2023\/07\/toursursoifemme-1024x576.gif 1024w, https:\/\/www.boostetonimage.fr\/wp-content\/uploads\/2023\/07\/toursursoifemme-300x169.gif 300w, https:\/\/www.boostetonimage.fr\/wp-content\/uploads\/2023\/07\/toursursoifemme-768x432.gif 768w\" sizes=\"(max-width: 1024px) 100vw, 1024px\" \/><\/figure>\n\n\n\n<p>Pour la femme : <\/p>\n\n\n\n<div class=\"wp-block-columns is-layout-flex wp-container-core-columns-is-layout-28f84493 wp-block-columns-is-layout-flex\">\n<div class=\"wp-block-column is-layout-flow wp-block-column-is-layout-flow\" style=\"flex-basis:100%\">\n<div class=\"wp-block-columns is-layout-flex wp-container-core-columns-is-layout-28f84493 wp-block-columns-is-layout-flex\">\n<div class=\"wp-block-column is-layout-flow wp-block-column-is-layout-flow\">\n<figure class=\"wp-block-image size-large\"><img decoding=\"async\" width=\"1024\" height=\"819\" src=\"https:\/\/www.boostetonimage.fr\/wp-content\/uploads\/2023\/07\/1-1024x819.png\" alt=\"\" class=\"wp-image-588\" srcset=\"https:\/\/www.boostetonimage.fr\/wp-content\/uploads\/2023\/07\/1-1024x819.png 1024w, https:\/\/www.boostetonimage.fr\/wp-content\/uploads\/2023\/07\/1-300x240.png 300w, https:\/\/www.boostetonimage.fr\/wp-content\/uploads\/2023\/07\/1-768x614.png 768w, https:\/\/www.boostetonimage.fr\/wp-content\/uploads\/2023\/07\/1-1536x1229.png 1536w, https:\/\/www.boostetonimage.fr\/wp-content\/uploads\/2023\/07\/1.png 2000w\" sizes=\"(max-width: 1024px) 100vw, 1024px\" \/><\/figure>\n<\/div>\n<\/div>\n<\/div>\n<\/div>\n\n\n\n<p><\/p>\n\n\n\n<p><\/p>\n\n\n\n<figure class=\"wp-block-image size-large\"><img decoding=\"async\" width=\"1024\" height=\"819\" src=\"https:\/\/www.boostetonimage.fr\/wp-content\/uploads\/2023\/07\/2-1024x819.png\" alt=\"\" class=\"wp-image-589\" srcset=\"https:\/\/www.boostetonimage.fr\/wp-content\/uploads\/2023\/07\/2-1024x819.png 1024w, https:\/\/www.boostetonimage.fr\/wp-content\/uploads\/2023\/07\/2-300x240.png 300w, https:\/\/www.boostetonimage.fr\/wp-content\/uploads\/2023\/07\/2-768x614.png 768w, https:\/\/www.boostetonimage.fr\/wp-content\/uploads\/2023\/07\/2-1536x1229.png 1536w, https:\/\/www.boostetonimage.fr\/wp-content\/uploads\/2023\/07\/2.png 2000w\" sizes=\"(max-width: 1024px) 100vw, 1024px\" \/><\/figure>\n\n\n\n<div style=\"height:100px\" aria-hidden=\"true\" class=\"wp-block-spacer\"><\/div>\n\n\n\n<figure class=\"wp-block-image size-large\"><img loading=\"lazy\" decoding=\"async\" width=\"1024\" height=\"819\" src=\"https:\/\/www.boostetonimage.fr\/wp-content\/uploads\/2023\/07\/3-1024x819.png\" alt=\"\" class=\"wp-image-590\" srcset=\"https:\/\/www.boostetonimage.fr\/wp-content\/uploads\/2023\/07\/3-1024x819.png 1024w, https:\/\/www.boostetonimage.fr\/wp-content\/uploads\/2023\/07\/3-300x240.png 300w, https:\/\/www.boostetonimage.fr\/wp-content\/uploads\/2023\/07\/3-768x614.png 768w, https:\/\/www.boostetonimage.fr\/wp-content\/uploads\/2023\/07\/3-1536x1229.png 1536w, https:\/\/www.boostetonimage.fr\/wp-content\/uploads\/2023\/07\/3.png 2000w\" sizes=\"(max-width: 1024px) 100vw, 1024px\" \/><\/figure>\n\n\n\n<div style=\"height:100px\" aria-hidden=\"true\" class=\"wp-block-spacer\"><\/div>\n\n\n\n<figure class=\"wp-block-image size-large\"><img loading=\"lazy\" decoding=\"async\" width=\"1024\" height=\"819\" src=\"https:\/\/www.boostetonimage.fr\/wp-content\/uploads\/2023\/07\/Planche-de-style-neutre-nature-1024x819.png\" alt=\"\" class=\"wp-image-594\" srcset=\"https:\/\/www.boostetonimage.fr\/wp-content\/uploads\/2023\/07\/Planche-de-style-neutre-nature-1024x819.png 1024w, https:\/\/www.boostetonimage.fr\/wp-content\/uploads\/2023\/07\/Planche-de-style-neutre-nature-300x240.png 300w, https:\/\/www.boostetonimage.fr\/wp-content\/uploads\/2023\/07\/Planche-de-style-neutre-nature-768x614.png 768w, https:\/\/www.boostetonimage.fr\/wp-content\/uploads\/2023\/07\/Planche-de-style-neutre-nature-1536x1229.png 1536w, https:\/\/www.boostetonimage.fr\/wp-content\/uploads\/2023\/07\/Planche-de-style-neutre-nature.png 2000w\" sizes=\"(max-width: 1024px) 100vw, 1024px\" \/><\/figure>\n\n\n\n<p><\/p>\n\n\n\n<p><\/p>\n\n\n\n<figure class=\"wp-block-image size-large is-resized\"><img loading=\"lazy\" decoding=\"async\" width=\"1024\" height=\"576\" src=\"https:\/\/www.boostetonimage.fr\/wp-content\/uploads\/2023\/07\/toursursoihomme-1024x576.gif\" alt=\"\" class=\"wp-image-638\" style=\"width:146px;height:82px\" srcset=\"https:\/\/www.boostetonimage.fr\/wp-content\/uploads\/2023\/07\/toursursoihomme-1024x576.gif 1024w, https:\/\/www.boostetonimage.fr\/wp-content\/uploads\/2023\/07\/toursursoihomme-300x169.gif 300w, https:\/\/www.boostetonimage.fr\/wp-content\/uploads\/2023\/07\/toursursoihomme-768x432.gif 768w\" sizes=\"(max-width: 1024px) 100vw, 1024px\" \/><\/figure>\n\n\n\n<p>Pour l&rsquo;homme :<\/p>\n\n\n\n<figure class=\"wp-block-image size-large\"><img loading=\"lazy\" decoding=\"async\" width=\"1024\" height=\"819\" src=\"https:\/\/www.boostetonimage.fr\/wp-content\/uploads\/2023\/07\/2-1-1024x819.png\" alt=\"\" class=\"wp-image-639\" srcset=\"https:\/\/www.boostetonimage.fr\/wp-content\/uploads\/2023\/07\/2-1-1024x819.png 1024w, https:\/\/www.boostetonimage.fr\/wp-content\/uploads\/2023\/07\/2-1-300x240.png 300w, https:\/\/www.boostetonimage.fr\/wp-content\/uploads\/2023\/07\/2-1-768x614.png 768w, https:\/\/www.boostetonimage.fr\/wp-content\/uploads\/2023\/07\/2-1-1536x1229.png 1536w, https:\/\/www.boostetonimage.fr\/wp-content\/uploads\/2023\/07\/2-1.png 2000w\" sizes=\"(max-width: 1024px) 100vw, 1024px\" \/><\/figure>\n\n\n\n<p><\/p>\n\n\n\n<figure class=\"wp-block-image size-large\"><img loading=\"lazy\" decoding=\"async\" width=\"1024\" height=\"819\" src=\"https:\/\/www.boostetonimage.fr\/wp-content\/uploads\/2023\/07\/4-1-1024x819.png\" alt=\"\" class=\"wp-image-640\" srcset=\"https:\/\/www.boostetonimage.fr\/wp-content\/uploads\/2023\/07\/4-1-1024x819.png 1024w, https:\/\/www.boostetonimage.fr\/wp-content\/uploads\/2023\/07\/4-1-300x240.png 300w, https:\/\/www.boostetonimage.fr\/wp-content\/uploads\/2023\/07\/4-1-768x614.png 768w, https:\/\/www.boostetonimage.fr\/wp-content\/uploads\/2023\/07\/4-1-1536x1229.png 1536w, https:\/\/www.boostetonimage.fr\/wp-content\/uploads\/2023\/07\/4-1.png 2000w\" sizes=\"(max-width: 1024px) 100vw, 1024px\" \/><\/figure>\n\n\n\n<figure class=\"wp-block-image size-large\"><img loading=\"lazy\" decoding=\"async\" width=\"1024\" height=\"819\" src=\"https:\/\/www.boostetonimage.fr\/wp-content\/uploads\/2023\/07\/6-1024x819.png\" alt=\"\" class=\"wp-image-641\" srcset=\"https:\/\/www.boostetonimage.fr\/wp-content\/uploads\/2023\/07\/6-1024x819.png 1024w, https:\/\/www.boostetonimage.fr\/wp-content\/uploads\/2023\/07\/6-300x240.png 300w, https:\/\/www.boostetonimage.fr\/wp-content\/uploads\/2023\/07\/6-768x614.png 768w, https:\/\/www.boostetonimage.fr\/wp-content\/uploads\/2023\/07\/6-1536x1229.png 1536w, https:\/\/www.boostetonimage.fr\/wp-content\/uploads\/2023\/07\/6.png 2000w\" sizes=\"(max-width: 1024px) 100vw, 1024px\" \/><\/figure>\n\n\n\n<figure class=\"wp-block-image size-large\"><img loading=\"lazy\" decoding=\"async\" width=\"1024\" height=\"819\" src=\"https:\/\/www.boostetonimage.fr\/wp-content\/uploads\/2023\/07\/8-1024x819.png\" alt=\"\" class=\"wp-image-642\" srcset=\"https:\/\/www.boostetonimage.fr\/wp-content\/uploads\/2023\/07\/8-1024x819.png 1024w, https:\/\/www.boostetonimage.fr\/wp-content\/uploads\/2023\/07\/8-300x240.png 300w, https:\/\/www.boostetonimage.fr\/wp-content\/uploads\/2023\/07\/8-768x614.png 768w, https:\/\/www.boostetonimage.fr\/wp-content\/uploads\/2023\/07\/8-1536x1229.png 1536w, https:\/\/www.boostetonimage.fr\/wp-content\/uploads\/2023\/07\/8.png 2000w\" sizes=\"(max-width: 1024px) 100vw, 1024px\" \/><\/figure>\n\n\n\n<p><\/p>\n\n\n\n<p><strong>Tenues de rentr\u00e9e &#8211; 2023 : <\/strong><\/p>\n\n\n\n<div class=\"wp-block-columns is-layout-flex wp-container-core-columns-is-layout-28f84493 wp-block-columns-is-layout-flex\">\n<div class=\"wp-block-column is-layout-flow wp-block-column-is-layout-flow\">\n<figure class=\"wp-block-image size-large\"><img loading=\"lazy\" decoding=\"async\" width=\"1024\" height=\"819\" src=\"https:\/\/www.boostetonimage.fr\/wp-content\/uploads\/2023\/08\/Tenue-rentree_femmes-1024x819.png\" alt=\"\" class=\"wp-image-654\" srcset=\"https:\/\/www.boostetonimage.fr\/wp-content\/uploads\/2023\/08\/Tenue-rentree_femmes-1024x819.png 1024w, https:\/\/www.boostetonimage.fr\/wp-content\/uploads\/2023\/08\/Tenue-rentree_femmes-300x240.png 300w, https:\/\/www.boostetonimage.fr\/wp-content\/uploads\/2023\/08\/Tenue-rentree_femmes-768x614.png 768w, https:\/\/www.boostetonimage.fr\/wp-content\/uploads\/2023\/08\/Tenue-rentree_femmes-1536x1229.png 1536w, https:\/\/www.boostetonimage.fr\/wp-content\/uploads\/2023\/08\/Tenue-rentree_femmes.png 2000w\" sizes=\"(max-width: 1024px) 100vw, 1024px\" \/><\/figure>\n<\/div>\n<\/div>\n\n\n\n<figure class=\"wp-block-image size-large\"><img loading=\"lazy\" decoding=\"async\" width=\"1024\" height=\"819\" src=\"https:\/\/www.boostetonimage.fr\/wp-content\/uploads\/2023\/08\/Tenue-rentree_hommes-1024x819.png\" alt=\"\" class=\"wp-image-655\" srcset=\"https:\/\/www.boostetonimage.fr\/wp-content\/uploads\/2023\/08\/Tenue-rentree_hommes-1024x819.png 1024w, https:\/\/www.boostetonimage.fr\/wp-content\/uploads\/2023\/08\/Tenue-rentree_hommes-300x240.png 300w, https:\/\/www.boostetonimage.fr\/wp-content\/uploads\/2023\/08\/Tenue-rentree_hommes-768x614.png 768w, https:\/\/www.boostetonimage.fr\/wp-content\/uploads\/2023\/08\/Tenue-rentree_hommes-1536x1229.png 1536w, https:\/\/www.boostetonimage.fr\/wp-content\/uploads\/2023\/08\/Tenue-rentree_hommes.png 2000w\" sizes=\"(max-width: 1024px) 100vw, 1024px\" \/><\/figure>\n\n\n\n<p><\/p>\n\n\n\n<p><strong>Tenues d&rsquo;automne 2023 <\/strong><\/p>\n\n\n\n<figure class=\"wp-block-image size-large\"><img loading=\"lazy\" decoding=\"async\" width=\"1024\" height=\"819\" src=\"https:\/\/www.boostetonimage.fr\/wp-content\/uploads\/2023\/10\/10-1024x819.jpg\" alt=\"\" class=\"wp-image-659\" srcset=\"https:\/\/www.boostetonimage.fr\/wp-content\/uploads\/2023\/10\/10-1024x819.jpg 1024w, https:\/\/www.boostetonimage.fr\/wp-content\/uploads\/2023\/10\/10-300x240.jpg 300w, https:\/\/www.boostetonimage.fr\/wp-content\/uploads\/2023\/10\/10-768x614.jpg 768w, https:\/\/www.boostetonimage.fr\/wp-content\/uploads\/2023\/10\/10-1536x1229.jpg 1536w, https:\/\/www.boostetonimage.fr\/wp-content\/uploads\/2023\/10\/10.jpg 2000w\" sizes=\"(max-width: 1024px) 100vw, 1024px\" \/><\/figure>\n\n\n\n<figure class=\"wp-block-image size-large\"><img loading=\"lazy\" decoding=\"async\" width=\"1024\" height=\"819\" src=\"https:\/\/www.boostetonimage.fr\/wp-content\/uploads\/2023\/10\/11-1024x819.jpg\" alt=\"\" class=\"wp-image-661\" srcset=\"https:\/\/www.boostetonimage.fr\/wp-content\/uploads\/2023\/10\/11-1024x819.jpg 1024w, https:\/\/www.boostetonimage.fr\/wp-content\/uploads\/2023\/10\/11-300x240.jpg 300w, https:\/\/www.boostetonimage.fr\/wp-content\/uploads\/2023\/10\/11-768x614.jpg 768w, https:\/\/www.boostetonimage.fr\/wp-content\/uploads\/2023\/10\/11-1536x1229.jpg 1536w, https:\/\/www.boostetonimage.fr\/wp-content\/uploads\/2023\/10\/11.jpg 2000w\" sizes=\"(max-width: 1024px) 100vw, 1024px\" \/><\/figure>\n\n\n\n<figure class=\"wp-block-image size-large\"><img loading=\"lazy\" decoding=\"async\" width=\"1024\" height=\"819\" src=\"https:\/\/www.boostetonimage.fr\/wp-content\/uploads\/2023\/12\/12-1024x819.jpg\" alt=\"\" class=\"wp-image-664\" srcset=\"https:\/\/www.boostetonimage.fr\/wp-content\/uploads\/2023\/12\/12-1024x819.jpg 1024w, https:\/\/www.boostetonimage.fr\/wp-content\/uploads\/2023\/12\/12-300x240.jpg 300w, https:\/\/www.boostetonimage.fr\/wp-content\/uploads\/2023\/12\/12-768x614.jpg 768w, https:\/\/www.boostetonimage.fr\/wp-content\/uploads\/2023\/12\/12-1536x1229.jpg 1536w, https:\/\/www.boostetonimage.fr\/wp-content\/uploads\/2023\/12\/12.jpg 2000w\" sizes=\"(max-width: 1024px) 100vw, 1024px\" \/><\/figure>\n\n\n\n<figure class=\"wp-block-image size-large\"><img loading=\"lazy\" decoding=\"async\" width=\"1024\" height=\"819\" src=\"https:\/\/www.boostetonimage.fr\/wp-content\/uploads\/2023\/12\/13-1024x819.jpg\" alt=\"\" class=\"wp-image-665\" srcset=\"https:\/\/www.boostetonimage.fr\/wp-content\/uploads\/2023\/12\/13-1024x819.jpg 1024w, https:\/\/www.boostetonimage.fr\/wp-content\/uploads\/2023\/12\/13-300x240.jpg 300w, https:\/\/www.boostetonimage.fr\/wp-content\/uploads\/2023\/12\/13-768x614.jpg 768w, https:\/\/www.boostetonimage.fr\/wp-content\/uploads\/2023\/12\/13-1536x1229.jpg 1536w, https:\/\/www.boostetonimage.fr\/wp-content\/uploads\/2023\/12\/13.jpg 2000w\" sizes=\"(max-width: 1024px) 100vw, 1024px\" \/><\/figure>\n","protected":false},"excerpt":{"rendered":"<p>Pour la femme : Pour l&rsquo;homme : Tenues de rentr\u00e9e &#8211; 2023 : Tenues d&rsquo;automne 2023<\/p>\n","protected":false},"author":1,"featured_media":0,"parent":0,"menu_order":0,"comment_status":"closed","ping_status":"closed","template":"templates\/page-builder-template.php","meta":{"footnotes":""},"class_list":["post-110","page","type-page","status-publish","hentry"],"yoast_head":"<!-- This site is optimized with the Yoast SEO plugin v27.6 - https:\/\/yoast.com\/product\/yoast-seo-wordpress\/ -->\n<title>Motiv&#039;-et-ses-services<\/title>\n<meta name=\"description\" content=\"Pr\u00e9sentation des diff\u00e9rents services de Motiv&#039; ainsi que de la m\u00e9thodologie de projets appliqu\u00e9e. Vous y trouverez \u00e9galement les Flyers.\" \/>\n<meta name=\"robots\" content=\"index, follow, max-snippet:-1, max-image-preview:large, max-video-preview:-1\" \/>\n<link rel=\"canonical\" href=\"https:\/\/www.boostetonimage.fr\/index.php\/motiv-et-ses-services\/\" \/>\n<meta property=\"og:locale\" content=\"fr_FR\" \/>\n<meta property=\"og:type\" content=\"article\" \/>\n<meta property=\"og:title\" content=\"Motiv&#039;-et-ses-services\" \/>\n<meta property=\"og:description\" content=\"Pr\u00e9sentation des diff\u00e9rents services de Motiv&#039; ainsi que de la m\u00e9thodologie de projets appliqu\u00e9e. Vous y trouverez \u00e9galement les Flyers.\" \/>\n<meta property=\"og:url\" content=\"https:\/\/www.boostetonimage.fr\/index.php\/motiv-et-ses-services\/\" \/>\n<meta property=\"og:site_name\" content=\"Booste ton image\" \/>\n<meta property=\"article:modified_time\" content=\"2023-12-19T13:56:28+00:00\" \/>\n<meta property=\"og:image\" content=\"https:\/\/www.boostetonimage.fr\/wp-content\/uploads\/2023\/07\/toursursoifemme-1024x576.gif\" \/>\n<meta name=\"twitter:card\" content=\"summary_large_image\" \/>\n<meta name=\"twitter:label1\" content=\"Dur\u00e9e de lecture estim\u00e9e\" \/>\n\t<meta name=\"twitter:data1\" content=\"4 minutes\" \/>\n<script type=\"application\/ld+json\" class=\"yoast-schema-graph\">{\"@context\":\"https:\\\/\\\/schema.org\",\"@graph\":[{\"@type\":\"WebPage\",\"@id\":\"https:\\\/\\\/www.boostetonimage.fr\\\/index.php\\\/motiv-et-ses-services\\\/\",\"url\":\"https:\\\/\\\/www.boostetonimage.fr\\\/index.php\\\/motiv-et-ses-services\\\/\",\"name\":\"Motiv'-et-ses-services\",\"isPartOf\":{\"@id\":\"https:\\\/\\\/www.boostetonimage.fr\\\/#website\"},\"primaryImageOfPage\":{\"@id\":\"https:\\\/\\\/www.boostetonimage.fr\\\/index.php\\\/motiv-et-ses-services\\\/#primaryimage\"},\"image\":{\"@id\":\"https:\\\/\\\/www.boostetonimage.fr\\\/index.php\\\/motiv-et-ses-services\\\/#primaryimage\"},\"thumbnailUrl\":\"https:\\\/\\\/www.boostetonimage.fr\\\/wp-content\\\/uploads\\\/2023\\\/07\\\/toursursoifemme-1024x576.gif\",\"datePublished\":\"2022-06-27T08:43:11+00:00\",\"dateModified\":\"2023-12-19T13:56:28+00:00\",\"description\":\"Pr\u00e9sentation des diff\u00e9rents services de Motiv' ainsi que de la m\u00e9thodologie de projets appliqu\u00e9e. Vous y trouverez \u00e9galement les Flyers.\",\"breadcrumb\":{\"@id\":\"https:\\\/\\\/www.boostetonimage.fr\\\/index.php\\\/motiv-et-ses-services\\\/#breadcrumb\"},\"inLanguage\":\"fr-FR\",\"potentialAction\":[{\"@type\":\"ReadAction\",\"target\":[\"https:\\\/\\\/www.boostetonimage.fr\\\/index.php\\\/motiv-et-ses-services\\\/\"]}]},{\"@type\":\"ImageObject\",\"inLanguage\":\"fr-FR\",\"@id\":\"https:\\\/\\\/www.boostetonimage.fr\\\/index.php\\\/motiv-et-ses-services\\\/#primaryimage\",\"url\":\"https:\\\/\\\/www.boostetonimage.fr\\\/wp-content\\\/uploads\\\/2023\\\/07\\\/toursursoifemme.gif\",\"contentUrl\":\"https:\\\/\\\/www.boostetonimage.fr\\\/wp-content\\\/uploads\\\/2023\\\/07\\\/toursursoifemme.gif\",\"width\":1200,\"height\":675},{\"@type\":\"BreadcrumbList\",\"@id\":\"https:\\\/\\\/www.boostetonimage.fr\\\/index.php\\\/motiv-et-ses-services\\\/#breadcrumb\",\"itemListElement\":[{\"@type\":\"ListItem\",\"position\":1,\"name\":\"Accueil\",\"item\":\"https:\\\/\\\/www.boostetonimage.fr\\\/\"},{\"@type\":\"ListItem\",\"position\":2,\"name\":\"Booste ton image &#038; ses planches de styles !\"}]},{\"@type\":\"WebSite\",\"@id\":\"https:\\\/\\\/www.boostetonimage.fr\\\/#website\",\"url\":\"https:\\\/\\\/www.boostetonimage.fr\\\/\",\"name\":\"Booste ton image\",\"description\":\"Pour une nouvelle posture professionnelle comme personnelle, en avant avec Booste ton image !\",\"publisher\":{\"@id\":\"https:\\\/\\\/www.boostetonimage.fr\\\/#organization\"},\"potentialAction\":[{\"@type\":\"SearchAction\",\"target\":{\"@type\":\"EntryPoint\",\"urlTemplate\":\"https:\\\/\\\/www.boostetonimage.fr\\\/?s={search_term_string}\"},\"query-input\":{\"@type\":\"PropertyValueSpecification\",\"valueRequired\":true,\"valueName\":\"search_term_string\"}}],\"inLanguage\":\"fr-FR\"},{\"@type\":\"Organization\",\"@id\":\"https:\\\/\\\/www.boostetonimage.fr\\\/#organization\",\"name\":\"Booste ton image\",\"url\":\"https:\\\/\\\/www.boostetonimage.fr\\\/\",\"logo\":{\"@type\":\"ImageObject\",\"inLanguage\":\"fr-FR\",\"@id\":\"https:\\\/\\\/www.boostetonimage.fr\\\/#\\\/schema\\\/logo\\\/image\\\/\",\"url\":\"https:\\\/\\\/www.boostetonimage.fr\\\/wp-content\\\/uploads\\\/2023\\\/07\\\/cropped-logo-web-transparent.png\",\"contentUrl\":\"https:\\\/\\\/www.boostetonimage.fr\\\/wp-content\\\/uploads\\\/2023\\\/07\\\/cropped-logo-web-transparent.png\",\"width\":500,\"height\":251,\"caption\":\"Booste ton image\"},\"image\":{\"@id\":\"https:\\\/\\\/www.boostetonimage.fr\\\/#\\\/schema\\\/logo\\\/image\\\/\"},\"sameAs\":[\"https:\\\/\\\/www.instagram.com\\\/lm_motiv\\\/\"]}]}<\/script>\n<!-- \/ Yoast SEO plugin. -->","yoast_head_json":{"title":"Motiv'-et-ses-services","description":"Pr\u00e9sentation des diff\u00e9rents services de Motiv' ainsi que de la m\u00e9thodologie de projets appliqu\u00e9e. Vous y trouverez \u00e9galement les Flyers.","robots":{"index":"index","follow":"follow","max-snippet":"max-snippet:-1","max-image-preview":"max-image-preview:large","max-video-preview":"max-video-preview:-1"},"canonical":"https:\/\/www.boostetonimage.fr\/index.php\/motiv-et-ses-services\/","og_locale":"fr_FR","og_type":"article","og_title":"Motiv'-et-ses-services","og_description":"Pr\u00e9sentation des diff\u00e9rents services de Motiv' ainsi que de la m\u00e9thodologie de projets appliqu\u00e9e. Vous y trouverez \u00e9galement les Flyers.","og_url":"https:\/\/www.boostetonimage.fr\/index.php\/motiv-et-ses-services\/","og_site_name":"Booste ton image","article_modified_time":"2023-12-19T13:56:28+00:00","og_image":[{"url":"https:\/\/www.boostetonimage.fr\/wp-content\/uploads\/2023\/07\/toursursoifemme-1024x576.gif","type":"","width":"","height":""}],"twitter_card":"summary_large_image","twitter_misc":{"Dur\u00e9e de lecture estim\u00e9e":"4 minutes"},"schema":{"@context":"https:\/\/schema.org","@graph":[{"@type":"WebPage","@id":"https:\/\/www.boostetonimage.fr\/index.php\/motiv-et-ses-services\/","url":"https:\/\/www.boostetonimage.fr\/index.php\/motiv-et-ses-services\/","name":"Motiv'-et-ses-services","isPartOf":{"@id":"https:\/\/www.boostetonimage.fr\/#website"},"primaryImageOfPage":{"@id":"https:\/\/www.boostetonimage.fr\/index.php\/motiv-et-ses-services\/#primaryimage"},"image":{"@id":"https:\/\/www.boostetonimage.fr\/index.php\/motiv-et-ses-services\/#primaryimage"},"thumbnailUrl":"https:\/\/www.boostetonimage.fr\/wp-content\/uploads\/2023\/07\/toursursoifemme-1024x576.gif","datePublished":"2022-06-27T08:43:11+00:00","dateModified":"2023-12-19T13:56:28+00:00","description":"Pr\u00e9sentation des diff\u00e9rents services de Motiv' ainsi que de la m\u00e9thodologie de projets appliqu\u00e9e. Vous y trouverez \u00e9galement les Flyers.","breadcrumb":{"@id":"https:\/\/www.boostetonimage.fr\/index.php\/motiv-et-ses-services\/#breadcrumb"},"inLanguage":"fr-FR","potentialAction":[{"@type":"ReadAction","target":["https:\/\/www.boostetonimage.fr\/index.php\/motiv-et-ses-services\/"]}]},{"@type":"ImageObject","inLanguage":"fr-FR","@id":"https:\/\/www.boostetonimage.fr\/index.php\/motiv-et-ses-services\/#primaryimage","url":"https:\/\/www.boostetonimage.fr\/wp-content\/uploads\/2023\/07\/toursursoifemme.gif","contentUrl":"https:\/\/www.boostetonimage.fr\/wp-content\/uploads\/2023\/07\/toursursoifemme.gif","width":1200,"height":675},{"@type":"BreadcrumbList","@id":"https:\/\/www.boostetonimage.fr\/index.php\/motiv-et-ses-services\/#breadcrumb","itemListElement":[{"@type":"ListItem","position":1,"name":"Accueil","item":"https:\/\/www.boostetonimage.fr\/"},{"@type":"ListItem","position":2,"name":"Booste ton image &#038; ses planches de styles !"}]},{"@type":"WebSite","@id":"https:\/\/www.boostetonimage.fr\/#website","url":"https:\/\/www.boostetonimage.fr\/","name":"Booste ton image","description":"Pour une nouvelle posture professionnelle comme personnelle, en avant avec Booste ton image !","publisher":{"@id":"https:\/\/www.boostetonimage.fr\/#organization"},"potentialAction":[{"@type":"SearchAction","target":{"@type":"EntryPoint","urlTemplate":"https:\/\/www.boostetonimage.fr\/?s={search_term_string}"},"query-input":{"@type":"PropertyValueSpecification","valueRequired":true,"valueName":"search_term_string"}}],"inLanguage":"fr-FR"},{"@type":"Organization","@id":"https:\/\/www.boostetonimage.fr\/#organization","name":"Booste ton image","url":"https:\/\/www.boostetonimage.fr\/","logo":{"@type":"ImageObject","inLanguage":"fr-FR","@id":"https:\/\/www.boostetonimage.fr\/#\/schema\/logo\/image\/","url":"https:\/\/www.boostetonimage.fr\/wp-content\/uploads\/2023\/07\/cropped-logo-web-transparent.png","contentUrl":"https:\/\/www.boostetonimage.fr\/wp-content\/uploads\/2023\/07\/cropped-logo-web-transparent.png","width":500,"height":251,"caption":"Booste ton image"},"image":{"@id":"https:\/\/www.boostetonimage.fr\/#\/schema\/logo\/image\/"},"sameAs":["https:\/\/www.instagram.com\/lm_motiv\/"]}]}},"_links":{"self":[{"href":"https:\/\/www.boostetonimage.fr\/index.php\/wp-json\/wp\/v2\/pages\/110","targetHints":{"allow":["GET"]}}],"collection":[{"href":"https:\/\/www.boostetonimage.fr\/index.php\/wp-json\/wp\/v2\/pages"}],"about":[{"href":"https:\/\/www.boostetonimage.fr\/index.php\/wp-json\/wp\/v2\/types\/page"}],"author":[{"embeddable":true,"href":"https:\/\/www.boostetonimage.fr\/index.php\/wp-json\/wp\/v2\/users\/1"}],"replies":[{"embeddable":true,"href":"https:\/\/www.boostetonimage.fr\/index.php\/wp-json\/wp\/v2\/comments?post=110"}],"version-history":[{"count":30,"href":"https:\/\/www.boostetonimage.fr\/index.php\/wp-json\/wp\/v2\/pages\/110\/revisions"}],"predecessor-version":[{"id":666,"href":"https:\/\/www.boostetonimage.fr\/index.php\/wp-json\/wp\/v2\/pages\/110\/revisions\/666"}],"wp:attachment":[{"href":"https:\/\/www.boostetonimage.fr\/index.php\/wp-json\/wp\/v2\/media?parent=110"}],"curies":[{"name":"wp","href":"https:\/\/api.w.org\/{rel}","templated":true}]}}