{"id":105,"date":"2022-06-27T08:43:11","date_gmt":"2022-06-27T08:43:11","guid":{"rendered":"https:\/\/www.boostetonimage.fr\/?page_id=105"},"modified":"2023-07-21T06:53:34","modified_gmt":"2023-07-21T06:53:34","slug":"presentation-de-loffre","status":"publish","type":"page","link":"https:\/\/www.boostetonimage.fr\/index.php\/presentation-de-loffre\/","title":{"rendered":"Booste ton image &#038; son offre de conseils en image :"},"content":{"rendered":"\n<p><\/p>\n\n\n\n<h2 class=\"wp-block-heading\">Public cibl\u00e9<\/h2>\n\n\n\n<p> Booste ton image s\u2019adresse \u00e0 toute personne de <strong>18 \u00e0 99 ans<\/strong> sur Rennes et p\u00e9riph\u00e9rie. <br>Que vous soyez : <\/p>\n\n\n\n<p>Un particulier <\/p>\n\n\n\n<ul class=\"wp-block-list\">\n<li>\u00c9tudiant.e en passe de devenir un.e professionnel.le<\/li>\n\n\n\n<li>En reconversion<\/li>\n\n\n\n<li>En phase de changement apr\u00e8s un \u00e9v\u00e8nement de la vie (personnel comme professionnel)<\/li>\n\n\n\n<li>Cadre dynamique <\/li>\n<\/ul>\n\n\n\n<p>Une collectivit\u00e9, une entreprise, une association : <\/p>\n\n\n\n<ul class=\"wp-block-list\">\n<li>Proposer un atelier de communication, de bien \u00eatre \/ de coh\u00e9sion pour votre \u00e9quipe <\/li>\n<\/ul>\n\n\n\n<div style=\"height:100px\" aria-hidden=\"true\" class=\"wp-block-spacer\"><\/div>\n\n\n\n<h2 class=\"wp-block-heading\">Pour ce faire, j&rsquo;applique la m\u00e9thodologie suivante : <\/h2>\n\n\n\n<div class=\"wp-block-columns is-layout-flex wp-container-core-columns-is-layout-28f84493 wp-block-columns-is-layout-flex\">\n<div class=\"wp-block-column is-layout-flow wp-block-column-is-layout-flow\">\n<figure class=\"wp-block-image size-large\"><img fetchpriority=\"high\" decoding=\"async\" width=\"417\" height=\"1024\" src=\"https:\/\/www.boostetonimage.fr\/wp-content\/uploads\/2022\/06\/Etape1-Projets-Sr-417x1024.jpg\" alt=\"\" class=\"wp-image-151\" srcset=\"https:\/\/www.boostetonimage.fr\/wp-content\/uploads\/2022\/06\/Etape1-Projets-Sr-417x1024.jpg 417w, https:\/\/www.boostetonimage.fr\/wp-content\/uploads\/2022\/06\/Etape1-Projets-Sr-122x300.jpg 122w, https:\/\/www.boostetonimage.fr\/wp-content\/uploads\/2022\/06\/Etape1-Projets-Sr-626x1536.jpg 626w, https:\/\/www.boostetonimage.fr\/wp-content\/uploads\/2022\/06\/Etape1-Projets-Sr.jpg 653w\" sizes=\"(max-width: 417px) 100vw, 417px\" \/><figcaption class=\"wp-element-caption\">Se rencontrer<\/figcaption><\/figure>\n<\/div>\n\n\n\n<div class=\"wp-block-column is-layout-flow wp-block-column-is-layout-flow\">\n<figure class=\"wp-block-image size-large\"><img decoding=\"async\" width=\"401\" height=\"1024\" src=\"https:\/\/www.boostetonimage.fr\/wp-content\/uploads\/2022\/06\/Etape2_Projets_identifier-401x1024.jpg\" alt=\"\" class=\"wp-image-152\" srcset=\"https:\/\/www.boostetonimage.fr\/wp-content\/uploads\/2022\/06\/Etape2_Projets_identifier-401x1024.jpg 401w, https:\/\/www.boostetonimage.fr\/wp-content\/uploads\/2022\/06\/Etape2_Projets_identifier-118x300.jpg 118w, https:\/\/www.boostetonimage.fr\/wp-content\/uploads\/2022\/06\/Etape2_Projets_identifier-602x1536.jpg 602w, https:\/\/www.boostetonimage.fr\/wp-content\/uploads\/2022\/06\/Etape2_Projets_identifier.jpg 613w\" sizes=\"(max-width: 401px) 100vw, 401px\" \/><figcaption class=\"wp-element-caption\">Identifier<\/figcaption><\/figure>\n<\/div>\n\n\n\n<div class=\"wp-block-column is-layout-flow wp-block-column-is-layout-flow\">\n<figure class=\"wp-block-image size-large\"><img decoding=\"async\" width=\"415\" height=\"1024\" src=\"https:\/\/www.boostetonimage.fr\/wp-content\/uploads\/2022\/06\/Etape3_Projets_planifier-415x1024.jpg\" alt=\"\" class=\"wp-image-153\" srcset=\"https:\/\/www.boostetonimage.fr\/wp-content\/uploads\/2022\/06\/Etape3_Projets_planifier-415x1024.jpg 415w, https:\/\/www.boostetonimage.fr\/wp-content\/uploads\/2022\/06\/Etape3_Projets_planifier-122x300.jpg 122w, https:\/\/www.boostetonimage.fr\/wp-content\/uploads\/2022\/06\/Etape3_Projets_planifier-623x1536.jpg 623w, https:\/\/www.boostetonimage.fr\/wp-content\/uploads\/2022\/06\/Etape3_Projets_planifier.jpg 650w\" sizes=\"(max-width: 415px) 100vw, 415px\" \/><figcaption class=\"wp-element-caption\">Planifier<\/figcaption><\/figure>\n<\/div>\n<\/div>\n\n\n\n<div class=\"wp-block-columns is-layout-flex wp-container-core-columns-is-layout-28f84493 wp-block-columns-is-layout-flex\">\n<div class=\"wp-block-column is-layout-flow wp-block-column-is-layout-flow\">\n<figure class=\"wp-block-image size-large\"><img loading=\"lazy\" decoding=\"async\" width=\"410\" height=\"1024\" src=\"https:\/\/www.boostetonimage.fr\/wp-content\/uploads\/2022\/06\/Etape4_Projets_executer-410x1024.jpg\" alt=\"\" class=\"wp-image-154\" srcset=\"https:\/\/www.boostetonimage.fr\/wp-content\/uploads\/2022\/06\/Etape4_Projets_executer-410x1024.jpg 410w, https:\/\/www.boostetonimage.fr\/wp-content\/uploads\/2022\/06\/Etape4_Projets_executer-120x300.jpg 120w, https:\/\/www.boostetonimage.fr\/wp-content\/uploads\/2022\/06\/Etape4_Projets_executer.jpg 642w\" sizes=\"(max-width: 410px) 100vw, 410px\" \/><figcaption class=\"wp-element-caption\">Ex\u00e9cuter<\/figcaption><\/figure>\n<\/div>\n\n\n\n<div class=\"wp-block-column is-layout-flow wp-block-column-is-layout-flow\">\n<figure class=\"wp-block-image size-large\"><img loading=\"lazy\" decoding=\"async\" width=\"418\" height=\"1024\" src=\"https:\/\/www.boostetonimage.fr\/wp-content\/uploads\/2022\/07\/Etape5_Projets_controler_150622-418x1024.jpg\" alt=\"\" class=\"wp-image-342\" srcset=\"https:\/\/www.boostetonimage.fr\/wp-content\/uploads\/2022\/07\/Etape5_Projets_controler_150622-418x1024.jpg 418w, https:\/\/www.boostetonimage.fr\/wp-content\/uploads\/2022\/07\/Etape5_Projets_controler_150622-123x300.jpg 123w, https:\/\/www.boostetonimage.fr\/wp-content\/uploads\/2022\/07\/Etape5_Projets_controler_150622.jpg 655w\" sizes=\"(max-width: 418px) 100vw, 418px\" \/><figcaption class=\"wp-element-caption\">Contr\u00f4ler<\/figcaption><\/figure>\n<\/div>\n\n\n\n<div class=\"wp-block-column is-layout-flow wp-block-column-is-layout-flow\">\n<figure class=\"wp-block-image size-large\"><img loading=\"lazy\" decoding=\"async\" width=\"426\" height=\"1024\" src=\"https:\/\/www.boostetonimage.fr\/wp-content\/uploads\/2022\/06\/Etape6_Projets_terminer-426x1024.jpg\" alt=\"\" class=\"wp-image-156\" srcset=\"https:\/\/www.boostetonimage.fr\/wp-content\/uploads\/2022\/06\/Etape6_Projets_terminer-426x1024.jpg 426w, https:\/\/www.boostetonimage.fr\/wp-content\/uploads\/2022\/06\/Etape6_Projets_terminer-125x300.jpg 125w, https:\/\/www.boostetonimage.fr\/wp-content\/uploads\/2022\/06\/Etape6_Projets_terminer-639x1536.jpg 639w, https:\/\/www.boostetonimage.fr\/wp-content\/uploads\/2022\/06\/Etape6_Projets_terminer.jpg 651w\" sizes=\"(max-width: 426px) 100vw, 426px\" \/><figcaption class=\"wp-element-caption\">Terminer<\/figcaption><\/figure>\n<\/div>\n<\/div>\n\n\n\n<div style=\"height:100px\" aria-hidden=\"true\" class=\"wp-block-spacer\"><\/div>\n\n\n\n<p>Voici ci-dessous, le descriptif des diff\u00e9rentes situations o\u00f9 l&rsquo;on fait appel \u00e0 booste ton image : <\/p>\n\n\n\n<div class=\"wp-block-columns is-layout-flex wp-container-core-columns-is-layout-28f84493 wp-block-columns-is-layout-flex\">\n<div class=\"wp-block-column is-layout-flow wp-block-column-is-layout-flow\">\n<figure class=\"wp-block-image aligncenter size-large is-resized\"><img loading=\"lazy\" decoding=\"async\" src=\"https:\/\/www.boostetonimage.fr\/wp-content\/uploads\/2022\/06\/Autruche-recto-686x1024.jpg\" alt=\"\" class=\"wp-image-40\" width=\"229\" height=\"342\" srcset=\"https:\/\/www.boostetonimage.fr\/wp-content\/uploads\/2022\/06\/Autruche-recto-686x1024.jpg 686w, https:\/\/www.boostetonimage.fr\/wp-content\/uploads\/2022\/06\/Autruche-recto-201x300.jpg 201w, https:\/\/www.boostetonimage.fr\/wp-content\/uploads\/2022\/06\/Autruche-recto.jpg 764w\" sizes=\"(max-width: 229px) 100vw, 229px\" \/><figcaption class=\"wp-element-caption\">manque de prise de d\u00e9cisions, procrastination&#8230;<\/figcaption><\/figure>\n<\/div>\n<\/div>\n\n\n\n<div class=\"wp-block-columns is-layout-flex wp-container-core-columns-is-layout-28f84493 wp-block-columns-is-layout-flex\">\n<div class=\"wp-block-column is-layout-flow wp-block-column-is-layout-flow\" style=\"flex-basis:100%\">\n<div class=\"wp-block-columns is-layout-flex wp-container-core-columns-is-layout-28f84493 wp-block-columns-is-layout-flex\">\n<div class=\"wp-block-column is-layout-flow wp-block-column-is-layout-flow\" style=\"flex-basis:100%\">\n<p>Vous \u00eates face \u00e0 votre dressing et vous ne savez pas comment vous habillez. <\/p>\n\n\n\n<p>Quoi porter ? En quelle occasion ? Pourquoi telle tenue plut\u00f4t qu&rsquo;une autre ? <\/p>\n\n\n\n<p>Suivre un accompagnement de conseils en image, c&rsquo;est apprendre \u00e0 \u00eatre corps avec soi, \u00e0 s&rsquo;appr\u00e9cier, \u00e0 s&rsquo;aimer, \u00e0 harmoniser qui vous \u00eates int\u00e9rieurement et ce que vous montrer \u00e0 l&rsquo;ext\u00e9rieur, \u00e0 conna\u00eetre son corps avec ou sans complexe, tel qu&rsquo;il est \u00e0 l&rsquo;instant T. <\/p>\n<\/div>\n<\/div>\n<\/div>\n<\/div>\n\n\n\n<div class=\"wp-block-columns is-layout-flex wp-container-core-columns-is-layout-28f84493 wp-block-columns-is-layout-flex\">\n<div class=\"wp-block-column is-layout-flow wp-block-column-is-layout-flow\">\n<figure class=\"wp-block-image aligncenter size-large is-resized\"><img loading=\"lazy\" decoding=\"async\" src=\"https:\/\/www.boostetonimage.fr\/wp-content\/uploads\/2022\/06\/Confiance-Recto-704x1024.jpg\" alt=\"\" class=\"wp-image-119\" width=\"223\" height=\"323\" srcset=\"https:\/\/www.boostetonimage.fr\/wp-content\/uploads\/2022\/06\/Confiance-Recto-704x1024.jpg 704w, https:\/\/www.boostetonimage.fr\/wp-content\/uploads\/2022\/06\/Confiance-Recto-768x1116.jpg 768w, https:\/\/www.boostetonimage.fr\/wp-content\/uploads\/2022\/06\/Confiance-Recto.jpg 787w\" sizes=\"(max-width: 223px) 100vw, 223px\" \/><figcaption class=\"wp-element-caption\">Avancer sereinement oui et en toute confiance&#8230;<\/figcaption><\/figure>\n<\/div>\n<\/div>\n\n\n\n<p>Suivre un accompagnement de conseils en image avec booste ton image, c&rsquo;est vous accorder un moment pour vous. Je ne fais rien sans vous. Vous \u00eates acteur\/actrice de votre accompagnement. Je mets mon \u00e9coute active et attentive \u00e0 votre service pour vous permettre d&rsquo;aller vers la meilleure version de vous-m\u00eame. C&rsquo;est gagner en aisance professionnelle comme personnelle ! <\/p>\n\n\n\n<p>Vous sentir bien dans vos baskets ! <\/p>\n\n\n\n<p><\/p>\n\n\n\n<div class=\"wp-block-columns is-layout-flex wp-container-core-columns-is-layout-28f84493 wp-block-columns-is-layout-flex\">\n<div class=\"wp-block-column is-layout-flow wp-block-column-is-layout-flow\">\n<figure class=\"wp-block-image aligncenter size-large is-resized\"><img loading=\"lazy\" decoding=\"async\" src=\"https:\/\/www.boostetonimage.fr\/wp-content\/uploads\/2022\/06\/Courir-Temps-Recto-671x1024.jpg\" alt=\"\" class=\"wp-image-121\" width=\"218\" height=\"333\" srcset=\"https:\/\/www.boostetonimage.fr\/wp-content\/uploads\/2022\/06\/Courir-Temps-Recto-671x1024.jpg 671w, https:\/\/www.boostetonimage.fr\/wp-content\/uploads\/2022\/06\/Courir-Temps-Recto-197x300.jpg 197w, https:\/\/www.boostetonimage.fr\/wp-content\/uploads\/2022\/06\/Courir-Temps-Recto.jpg 758w\" sizes=\"(max-width: 218px) 100vw, 218px\" \/><figcaption class=\"wp-element-caption\">Manque de temps &#8230;.<\/figcaption><\/figure>\n<\/div>\n<\/div>\n\n\n\n<p>Votre vie familiale, votre sph\u00e8re personnelle, votre vie professionnelle, est rempli \u00e0 100% et vous avez des difficult\u00e9s \u00e0 prendre du temps pour faire les magasins, vider votre dressing, prendre du temps allou\u00e9 pour vous et vos v\u00eatements, faire appel \u00e0  booste ton image, c&rsquo;est s&rsquo;accorder du temps pour soi et savoir en un regard ce qui est pour soi ou pas. <\/p>\n\n\n\n<p><\/p>\n\n\n\n<div class=\"wp-block-columns is-layout-flex wp-container-core-columns-is-layout-28f84493 wp-block-columns-is-layout-flex\">\n<div class=\"wp-block-column is-layout-flow wp-block-column-is-layout-flow\">\n<figure class=\"wp-block-image aligncenter size-large is-resized\"><img loading=\"lazy\" decoding=\"async\" src=\"https:\/\/www.boostetonimage.fr\/wp-content\/uploads\/2022\/06\/Montee-en-competences-recto-685x1024.jpg\" alt=\"\" class=\"wp-image-123\" width=\"222\" height=\"330\"\/><figcaption class=\"wp-element-caption\">manque de comp\u00e9tences sur un domaine&#8230;<\/figcaption><\/figure>\n<\/div>\n<\/div>\n\n\n\n<p>Faire appel \u00e0  booste ton image, c&rsquo;est mieux se conna\u00eetre. Conna\u00eetre son corps. Faire un seul \u00eatre compos\u00e9 de son corps et de son esprit. \u00eatre en harmonie avec qui l&rsquo;on est. C&rsquo;est mont\u00e9e en comp\u00e9tences en d\u00e9veloppement personnel, en connaissance sur soi. <\/p>\n\n\n\n<p>Avoir une meilleure posture parce que vous le valez bien ! Osez Briller <\/p>\n\n\n\n<div class=\"wp-block-columns is-layout-flex wp-container-core-columns-is-layout-28f84493 wp-block-columns-is-layout-flex\">\n<div class=\"wp-block-column is-layout-flow wp-block-column-is-layout-flow\"><\/div>\n<\/div>\n\n\n\n<div class=\"wp-block-columns is-layout-flex wp-container-core-columns-is-layout-28f84493 wp-block-columns-is-layout-flex\">\n<div class=\"wp-block-column is-layout-flow wp-block-column-is-layout-flow\">\n<blockquote class=\"wp-block-quote is-layout-flow wp-block-quote-is-layout-flow\">\n<p>\u00a0\u00bb <strong><em>Rien ne vous emprisonne except\u00e9 vos pens\u00e9es. Rien ne vous limite except\u00e9 vos peurs. Et rien ne vous contr\u00f4le except\u00e9 vos croyances. Notre peur la plus profonde n&rsquo;est pas que nous ne soyons pas \u00e0 la hauteur; notre peur la plus profonde est que nous sommes puissants au del\u00e0 de toute limite<\/em><\/strong>.\u00a0\u00bb Marianne Williamson<\/p>\n<\/blockquote>\n<\/div>\n<\/div>\n","protected":false},"excerpt":{"rendered":"<p>Public cibl\u00e9 Booste ton image s\u2019adresse \u00e0 toute personne de 18 \u00e0 99 ans sur Rennes et p\u00e9riph\u00e9rie. Que vous soyez : Un particulier Une collectivit\u00e9, une entreprise, une association : Voici ci-dessous, le descriptif des diff\u00e9rentes situations o\u00f9 l&rsquo;on fait appel \u00e0 booste ton image : Vous \u00eates face \u00e0 votre dressing et vous [&hellip;]<\/p>\n","protected":false},"author":1,"featured_media":0,"parent":0,"menu_order":0,"comment_status":"closed","ping_status":"closed","template":"templates\/page-builder-template.php","meta":{"footnotes":""},"class_list":["post-105","page","type-page","status-publish","hentry"],"yoast_head":"<!-- This site is optimized with the Yoast SEO plugin v27.6 - https:\/\/yoast.com\/product\/yoast-seo-wordpress\/ -->\n<title>Motiv&#039;-et-son-offre<\/title>\n<meta name=\"robots\" content=\"index, follow, max-snippet:-1, max-image-preview:large, max-video-preview:-1\" \/>\n<link rel=\"canonical\" href=\"https:\/\/www.boostetonimage.fr\/index.php\/presentation-de-loffre\/\" \/>\n<meta property=\"og:locale\" content=\"fr_FR\" \/>\n<meta property=\"og:type\" content=\"article\" \/>\n<meta property=\"og:title\" content=\"Motiv&#039;-et-son-offre\" \/>\n<meta property=\"og:description\" content=\"Public cibl\u00e9 Booste ton image s\u2019adresse \u00e0 toute personne de 18 \u00e0 99 ans sur Rennes et p\u00e9riph\u00e9rie. Que vous soyez : Un particulier Une collectivit\u00e9, une entreprise, une association : Voici ci-dessous, le descriptif des diff\u00e9rentes situations o\u00f9 l&rsquo;on fait appel \u00e0 booste ton image : Vous \u00eates face \u00e0 votre dressing et vous [&hellip;]\" \/>\n<meta property=\"og:url\" content=\"https:\/\/www.boostetonimage.fr\/index.php\/presentation-de-loffre\/\" \/>\n<meta property=\"og:site_name\" content=\"Booste ton image\" \/>\n<meta property=\"article:modified_time\" content=\"2023-07-21T06:53:34+00:00\" \/>\n<meta property=\"og:image\" content=\"https:\/\/www.boostetonimage.fr\/wp-content\/uploads\/2022\/06\/Autruche-recto-686x1024.jpg\" \/>\n<meta name=\"twitter:card\" content=\"summary_large_image\" \/>\n<meta name=\"twitter:label1\" content=\"Dur\u00e9e de lecture estim\u00e9e\" \/>\n\t<meta name=\"twitter:data1\" content=\"3 minutes\" \/>\n<script type=\"application\/ld+json\" class=\"yoast-schema-graph\">{\"@context\":\"https:\\\/\\\/schema.org\",\"@graph\":[{\"@type\":\"WebPage\",\"@id\":\"https:\\\/\\\/www.boostetonimage.fr\\\/index.php\\\/presentation-de-loffre\\\/\",\"url\":\"https:\\\/\\\/www.boostetonimage.fr\\\/index.php\\\/presentation-de-loffre\\\/\",\"name\":\"Motiv'-et-son-offre\",\"isPartOf\":{\"@id\":\"https:\\\/\\\/www.boostetonimage.fr\\\/#website\"},\"primaryImageOfPage\":{\"@id\":\"https:\\\/\\\/www.boostetonimage.fr\\\/index.php\\\/presentation-de-loffre\\\/#primaryimage\"},\"image\":{\"@id\":\"https:\\\/\\\/www.boostetonimage.fr\\\/index.php\\\/presentation-de-loffre\\\/#primaryimage\"},\"thumbnailUrl\":\"https:\\\/\\\/www.boostetonimage.fr\\\/wp-content\\\/uploads\\\/2022\\\/06\\\/Autruche-recto-686x1024.jpg\",\"datePublished\":\"2022-06-27T08:43:11+00:00\",\"dateModified\":\"2023-07-21T06:53:34+00:00\",\"breadcrumb\":{\"@id\":\"https:\\\/\\\/www.boostetonimage.fr\\\/index.php\\\/presentation-de-loffre\\\/#breadcrumb\"},\"inLanguage\":\"fr-FR\",\"potentialAction\":[{\"@type\":\"ReadAction\",\"target\":[\"https:\\\/\\\/www.boostetonimage.fr\\\/index.php\\\/presentation-de-loffre\\\/\"]}]},{\"@type\":\"ImageObject\",\"inLanguage\":\"fr-FR\",\"@id\":\"https:\\\/\\\/www.boostetonimage.fr\\\/index.php\\\/presentation-de-loffre\\\/#primaryimage\",\"url\":\"https:\\\/\\\/www.boostetonimage.fr\\\/wp-content\\\/uploads\\\/2022\\\/06\\\/Autruche-recto.jpg\",\"contentUrl\":\"https:\\\/\\\/www.boostetonimage.fr\\\/wp-content\\\/uploads\\\/2022\\\/06\\\/Autruche-recto.jpg\",\"width\":764,\"height\":1140},{\"@type\":\"BreadcrumbList\",\"@id\":\"https:\\\/\\\/www.boostetonimage.fr\\\/index.php\\\/presentation-de-loffre\\\/#breadcrumb\",\"itemListElement\":[{\"@type\":\"ListItem\",\"position\":1,\"name\":\"Accueil\",\"item\":\"https:\\\/\\\/www.boostetonimage.fr\\\/\"},{\"@type\":\"ListItem\",\"position\":2,\"name\":\"Booste ton image &#038; son offre de conseils en image :\"}]},{\"@type\":\"WebSite\",\"@id\":\"https:\\\/\\\/www.boostetonimage.fr\\\/#website\",\"url\":\"https:\\\/\\\/www.boostetonimage.fr\\\/\",\"name\":\"Booste ton image\",\"description\":\"Pour une nouvelle posture professionnelle comme personnelle, en avant avec Booste ton image !\",\"publisher\":{\"@id\":\"https:\\\/\\\/www.boostetonimage.fr\\\/#organization\"},\"potentialAction\":[{\"@type\":\"SearchAction\",\"target\":{\"@type\":\"EntryPoint\",\"urlTemplate\":\"https:\\\/\\\/www.boostetonimage.fr\\\/?s={search_term_string}\"},\"query-input\":{\"@type\":\"PropertyValueSpecification\",\"valueRequired\":true,\"valueName\":\"search_term_string\"}}],\"inLanguage\":\"fr-FR\"},{\"@type\":\"Organization\",\"@id\":\"https:\\\/\\\/www.boostetonimage.fr\\\/#organization\",\"name\":\"Booste ton image\",\"url\":\"https:\\\/\\\/www.boostetonimage.fr\\\/\",\"logo\":{\"@type\":\"ImageObject\",\"inLanguage\":\"fr-FR\",\"@id\":\"https:\\\/\\\/www.boostetonimage.fr\\\/#\\\/schema\\\/logo\\\/image\\\/\",\"url\":\"https:\\\/\\\/www.boostetonimage.fr\\\/wp-content\\\/uploads\\\/2023\\\/07\\\/cropped-logo-web-transparent.png\",\"contentUrl\":\"https:\\\/\\\/www.boostetonimage.fr\\\/wp-content\\\/uploads\\\/2023\\\/07\\\/cropped-logo-web-transparent.png\",\"width\":500,\"height\":251,\"caption\":\"Booste ton image\"},\"image\":{\"@id\":\"https:\\\/\\\/www.boostetonimage.fr\\\/#\\\/schema\\\/logo\\\/image\\\/\"},\"sameAs\":[\"https:\\\/\\\/www.instagram.com\\\/lm_motiv\\\/\"]}]}<\/script>\n<!-- \/ Yoast SEO plugin. -->","yoast_head_json":{"title":"Motiv'-et-son-offre","robots":{"index":"index","follow":"follow","max-snippet":"max-snippet:-1","max-image-preview":"max-image-preview:large","max-video-preview":"max-video-preview:-1"},"canonical":"https:\/\/www.boostetonimage.fr\/index.php\/presentation-de-loffre\/","og_locale":"fr_FR","og_type":"article","og_title":"Motiv'-et-son-offre","og_description":"Public cibl\u00e9 Booste ton image s\u2019adresse \u00e0 toute personne de 18 \u00e0 99 ans sur Rennes et p\u00e9riph\u00e9rie. Que vous soyez : Un particulier Une collectivit\u00e9, une entreprise, une association : Voici ci-dessous, le descriptif des diff\u00e9rentes situations o\u00f9 l&rsquo;on fait appel \u00e0 booste ton image : Vous \u00eates face \u00e0 votre dressing et vous [&hellip;]","og_url":"https:\/\/www.boostetonimage.fr\/index.php\/presentation-de-loffre\/","og_site_name":"Booste ton image","article_modified_time":"2023-07-21T06:53:34+00:00","og_image":[{"url":"https:\/\/www.boostetonimage.fr\/wp-content\/uploads\/2022\/06\/Autruche-recto-686x1024.jpg","type":"","width":"","height":""}],"twitter_card":"summary_large_image","twitter_misc":{"Dur\u00e9e de lecture estim\u00e9e":"3 minutes"},"schema":{"@context":"https:\/\/schema.org","@graph":[{"@type":"WebPage","@id":"https:\/\/www.boostetonimage.fr\/index.php\/presentation-de-loffre\/","url":"https:\/\/www.boostetonimage.fr\/index.php\/presentation-de-loffre\/","name":"Motiv'-et-son-offre","isPartOf":{"@id":"https:\/\/www.boostetonimage.fr\/#website"},"primaryImageOfPage":{"@id":"https:\/\/www.boostetonimage.fr\/index.php\/presentation-de-loffre\/#primaryimage"},"image":{"@id":"https:\/\/www.boostetonimage.fr\/index.php\/presentation-de-loffre\/#primaryimage"},"thumbnailUrl":"https:\/\/www.boostetonimage.fr\/wp-content\/uploads\/2022\/06\/Autruche-recto-686x1024.jpg","datePublished":"2022-06-27T08:43:11+00:00","dateModified":"2023-07-21T06:53:34+00:00","breadcrumb":{"@id":"https:\/\/www.boostetonimage.fr\/index.php\/presentation-de-loffre\/#breadcrumb"},"inLanguage":"fr-FR","potentialAction":[{"@type":"ReadAction","target":["https:\/\/www.boostetonimage.fr\/index.php\/presentation-de-loffre\/"]}]},{"@type":"ImageObject","inLanguage":"fr-FR","@id":"https:\/\/www.boostetonimage.fr\/index.php\/presentation-de-loffre\/#primaryimage","url":"https:\/\/www.boostetonimage.fr\/wp-content\/uploads\/2022\/06\/Autruche-recto.jpg","contentUrl":"https:\/\/www.boostetonimage.fr\/wp-content\/uploads\/2022\/06\/Autruche-recto.jpg","width":764,"height":1140},{"@type":"BreadcrumbList","@id":"https:\/\/www.boostetonimage.fr\/index.php\/presentation-de-loffre\/#breadcrumb","itemListElement":[{"@type":"ListItem","position":1,"name":"Accueil","item":"https:\/\/www.boostetonimage.fr\/"},{"@type":"ListItem","position":2,"name":"Booste ton image &#038; son offre de conseils en image :"}]},{"@type":"WebSite","@id":"https:\/\/www.boostetonimage.fr\/#website","url":"https:\/\/www.boostetonimage.fr\/","name":"Booste ton image","description":"Pour une nouvelle posture professionnelle comme personnelle, en avant avec Booste ton image !","publisher":{"@id":"https:\/\/www.boostetonimage.fr\/#organization"},"potentialAction":[{"@type":"SearchAction","target":{"@type":"EntryPoint","urlTemplate":"https:\/\/www.boostetonimage.fr\/?s={search_term_string}"},"query-input":{"@type":"PropertyValueSpecification","valueRequired":true,"valueName":"search_term_string"}}],"inLanguage":"fr-FR"},{"@type":"Organization","@id":"https:\/\/www.boostetonimage.fr\/#organization","name":"Booste ton image","url":"https:\/\/www.boostetonimage.fr\/","logo":{"@type":"ImageObject","inLanguage":"fr-FR","@id":"https:\/\/www.boostetonimage.fr\/#\/schema\/logo\/image\/","url":"https:\/\/www.boostetonimage.fr\/wp-content\/uploads\/2023\/07\/cropped-logo-web-transparent.png","contentUrl":"https:\/\/www.boostetonimage.fr\/wp-content\/uploads\/2023\/07\/cropped-logo-web-transparent.png","width":500,"height":251,"caption":"Booste ton image"},"image":{"@id":"https:\/\/www.boostetonimage.fr\/#\/schema\/logo\/image\/"},"sameAs":["https:\/\/www.instagram.com\/lm_motiv\/"]}]}},"_links":{"self":[{"href":"https:\/\/www.boostetonimage.fr\/index.php\/wp-json\/wp\/v2\/pages\/105","targetHints":{"allow":["GET"]}}],"collection":[{"href":"https:\/\/www.boostetonimage.fr\/index.php\/wp-json\/wp\/v2\/pages"}],"about":[{"href":"https:\/\/www.boostetonimage.fr\/index.php\/wp-json\/wp\/v2\/types\/page"}],"author":[{"embeddable":true,"href":"https:\/\/www.boostetonimage.fr\/index.php\/wp-json\/wp\/v2\/users\/1"}],"replies":[{"embeddable":true,"href":"https:\/\/www.boostetonimage.fr\/index.php\/wp-json\/wp\/v2\/comments?post=105"}],"version-history":[{"count":19,"href":"https:\/\/www.boostetonimage.fr\/index.php\/wp-json\/wp\/v2\/pages\/105\/revisions"}],"predecessor-version":[{"id":587,"href":"https:\/\/www.boostetonimage.fr\/index.php\/wp-json\/wp\/v2\/pages\/105\/revisions\/587"}],"wp:attachment":[{"href":"https:\/\/www.boostetonimage.fr\/index.php\/wp-json\/wp\/v2\/media?parent=105"}],"curies":[{"name":"wp","href":"https:\/\/api.w.org\/{rel}","templated":true}]}}